{"id":53274,"date":"2018-06-28T12:14:42","date_gmt":"2018-06-28T10:14:42","guid":{"rendered":"https:\/\/majatohter.ee\/?post_type=product&#038;p=53274"},"modified":"2026-02-28T01:43:01","modified_gmt":"2026-02-27T23:43:01","slug":"plekieemaldusaine-3m-cleaner-spray","status":"publish","type":"product","link":"https:\/\/majatohter.ee\/en\/tooted\/cleaning-products\/general-cleaning\/plekieemaldusaine-3m-cleaner-spray\/","title":{"rendered":"Plekieemaldusaine 3m Cleaner Spray"},"content":{"rendered":"<p>Aerosooli kujul tsitrus\u00f5lip\u00f5hine\u00a0puhastusvahend, mis eemaldab\u00a0kuivanud liimi- ja\u00a0teibi j\u00e4\u00e4nused, n\u00f5e-, \u00f5li ja muud raskesti eemaldatavad mustuseplekid.<\/p>\n<ul>\n<li>Puhastab efektiivselt ja\u00a0kiiresti.<\/li>\n<li>Meeldiva l\u00f5hnaga.<\/li>\n<li>K\u00e4ep\u00e4rane aerosoolipudel.<\/li>\n<li>Haihtub kiiresti.<\/li>\n<li>Ei s\u00f6\u00f6vita\u00a0metallpindu.<\/li>\n<li>Ei sisalda tugevaid\u00a0koostisaineid \u2013\u00a0sobib paljudele\u00a0erinevatele\u00a0pindadele.<\/li>\n<\/ul>\n<p><strong>Koostis:\u00a0<\/strong>D-limoneen 70-80 %,\u00a0survegaas: propaan 10-20 %, pH 7,5<br \/>\n<strong>V\u00e4rvus:<\/strong> v\u00e4rvitu<br \/>\n<strong>L\u00f5hn:<\/strong> sidruni<\/p>\n<p><strong>KASUTUSJUHEND<\/strong><br \/>\nPihustada \u00fchtlaselt\u00a0puhastatavale\u00a0pinnale.\u00a0Lasta ainel hetk\u00a0aega m\u00f5juda.\u00a0Loputada veega\u00a0v\u00f5i p\u00fchkida<br \/>\npuhtaks ning\u00a0pihustada teine\u00a0kiht vahendit.\u00a0P\u00fchkida hoolikalt\u00a0puhtaks kuiva\u00a0lapiga.<\/p>\n<p><strong>Ohutus:<\/strong><br \/>\nV\u00e4ltida aine\u00a0sattumist nahale.\u00a0Silma sattumisel loputada kohe\u00a0rohke veega (15 min.) ja p\u00f6\u00f6rduda<br \/>\narsti poole.\u00a0Nahale sattumisel\u00a0pesta kohe rohke\u00a0vee ja seebiga.\u00a0Hoida lastele\u00a0k\u00e4ttesaamatult.<\/p>\n","protected":false},"excerpt":{"rendered":"<p>Aerosooli kujul tsitrus\u00f5lip\u00f5hine\u00a0puhastusvahend, mis eemaldab\u00a0kuivanud liimi- ja\u00a0teibi j\u00e4\u00e4nused, n\u00f5e-, \u00f5li ja muud raskesti eemaldatavad mustuseplekid. Puhastab efektiivselt ja\u00a0kiiresti. Meeldiva l\u00f5hnaga. K\u00e4ep\u00e4rane aerosoolipudel. Haihtub kiiresti. Ei s\u00f6\u00f6vita\u00a0metallpindu. Ei sisalda tugevaid\u00a0koostisaineid \u2013\u00a0sobib paljudele\u00a0erinevatele\u00a0pindadele. Koostis:\u00a0D-limoneen 70-80 %,\u00a0survegaas: propaan 10-20 %, pH 7,5 V\u00e4rvus: v\u00e4rvitu L\u00f5hn: sidruni KASUTUSJUHEND Pihustada \u00fchtlaselt\u00a0puhastatavale\u00a0pinnale.\u00a0Lasta ainel hetk\u00a0aega m\u00f5juda.\u00a0Loputada veega\u00a0v\u00f5i p\u00fchkida puhtaks ning\u00a0pihustada teine\u00a0kiht vahendit.\u00a0P\u00fchkida [&hellip;]<\/p>\n","protected":false},"featured_media":53275,"template":"","meta":{"_et_pb_use_builder":"","_et_pb_old_content":"","_et_gb_content_width":""},"product_brand":[],"product_cat":[138,140],"product_tag":[1351,820],"class_list":{"0":"post-53274","1":"product","2":"type-product","3":"status-publish","4":"has-post-thumbnail","6":"product_cat-puhastusvahendid","7":"product_cat-varvipesuained","8":"product_tag-cleaner-spray","9":"product_tag-puhastusvahend","11":"first","12":"onbackorder","13":"taxable","14":"shipping-taxable","15":"purchasable","16":"product-type-simple"},"_links":{"self":[{"href":"https:\/\/majatohter.ee\/en\/wp-json\/wp\/v2\/product\/53274","targetHints":{"allow":["GET"]}}],"collection":[{"href":"https:\/\/majatohter.ee\/en\/wp-json\/wp\/v2\/product"}],"about":[{"href":"https:\/\/majatohter.ee\/en\/wp-json\/wp\/v2\/types\/product"}],"wp:featuredmedia":[{"embeddable":true,"href":"https:\/\/majatohter.ee\/en\/wp-json\/wp\/v2\/media\/53275"}],"wp:attachment":[{"href":"https:\/\/majatohter.ee\/en\/wp-json\/wp\/v2\/media?parent=53274"}],"wp:term":[{"taxonomy":"product_brand","embeddable":true,"href":"https:\/\/majatohter.ee\/en\/wp-json\/wp\/v2\/product_brand?post=53274"},{"taxonomy":"product_cat","embeddable":true,"href":"https:\/\/majatohter.ee\/en\/wp-json\/wp\/v2\/product_cat?post=53274"},{"taxonomy":"product_tag","embeddable":true,"href":"https:\/\/majatohter.ee\/en\/wp-json\/wp\/v2\/product_tag?post=53274"}],"curies":[{"name":"wp","href":"https:\/\/api.w.org\/{rel}","templated":true}]}}