{"id":533,"date":"2016-07-12T13:06:08","date_gmt":"2016-07-12T13:06:08","guid":{"rendered":"http:\/\/uus.majatohter.ee\/tooted\/ehitus\/steico-soundstrip\/"},"modified":"2022-09-09T15:30:32","modified_gmt":"2022-09-09T13:30:32","slug":"steico-soundstrip","status":"publish","type":"product","link":"https:\/\/majatohter.ee\/en\/tooted\/general-construction\/isolation-materials\/steico-soundstrip\/","title":{"rendered":"Steico soundstrip"},"content":{"rendered":"<p>Servade isolatsiooniriba &#8220;ujuvate&#8221; tasanduskihtide puhul, t\u00f5usvate detailide eraldusriba ja kipsplaatide \u00fchenduskohtade katteriba. Summutab m\u00fcra.<\/p>\n<p><a href=\"https:\/\/majatohter.ee\/wp-content\/uploads\/STEICO-soundstrip-puitkiust-servade-isolatsiooniriba.pdf\">TOOTELEHT STEICO SOUNDSTRIP<\/a><\/p>\n","protected":false},"excerpt":{"rendered":"<p>K\u00fcsi hinnapakkumist!<\/p>\n","protected":false},"featured_media":537,"template":"","meta":{"_et_pb_use_builder":"","_et_pb_old_content":"","_et_gb_content_width":""},"product_brand":[],"product_cat":[72,67],"product_tag":[1268,203],"class_list":{"0":"post-533","1":"product","2":"type-product","3":"status-publish","4":"has-post-thumbnail","6":"product_cat-isolatsioonimaterjalid","7":"product_cat-ehitus","8":"product_tag-soundstrip","9":"product_tag-steico","11":"first","12":"instock","13":"taxable","14":"shipping-taxable","15":"product-type-simple"},"_links":{"self":[{"href":"https:\/\/majatohter.ee\/en\/wp-json\/wp\/v2\/product\/533","targetHints":{"allow":["GET"]}}],"collection":[{"href":"https:\/\/majatohter.ee\/en\/wp-json\/wp\/v2\/product"}],"about":[{"href":"https:\/\/majatohter.ee\/en\/wp-json\/wp\/v2\/types\/product"}],"wp:featuredmedia":[{"embeddable":true,"href":"https:\/\/majatohter.ee\/en\/wp-json\/wp\/v2\/media\/537"}],"wp:attachment":[{"href":"https:\/\/majatohter.ee\/en\/wp-json\/wp\/v2\/media?parent=533"}],"wp:term":[{"taxonomy":"product_brand","embeddable":true,"href":"https:\/\/majatohter.ee\/en\/wp-json\/wp\/v2\/product_brand?post=533"},{"taxonomy":"product_cat","embeddable":true,"href":"https:\/\/majatohter.ee\/en\/wp-json\/wp\/v2\/product_cat?post=533"},{"taxonomy":"product_tag","embeddable":true,"href":"https:\/\/majatohter.ee\/en\/wp-json\/wp\/v2\/product_tag?post=533"}],"curies":[{"name":"wp","href":"https:\/\/api.w.org\/{rel}","templated":true}]}}