{"id":53806,"date":"2019-01-17T12:25:48","date_gmt":"2019-01-17T10:25:48","guid":{"rendered":"https:\/\/majatohter.ee\/?post_type=product&#038;p=53806"},"modified":"2022-11-28T13:58:41","modified_gmt":"2022-11-28T11:58:41","slug":"voolimisnuga-morakniv-120","status":"publish","type":"product","link":"https:\/\/majatohter.ee\/en\/tooted\/tools\/for-carpenter\/knives\/voolimisnuga-morakniv-120\/","title":{"rendered":"Voolimisnuga Morakniv 122"},"content":{"rendered":"<p>Sirge l\u00fchikese teraga nuga puidut\u00f6\u00f6ks. K\u00e4epide valmistatud \u00f5litatud kasepuust.<\/p>\n<p>Valmistatud Rootsis.<\/p>\n<p>&nbsp;<\/p>\n","protected":false},"excerpt":{"rendered":"<p>Sirge l\u00fchikese teraga nuga puidut\u00f6\u00f6ks. K\u00e4epide valmistatud \u00f5litatud kasepuust. Valmistatud Rootsis. &nbsp;<\/p>\n","protected":false},"featured_media":53808,"template":"","meta":{"_et_pb_use_builder":"","_et_pb_old_content":"","_et_gb_content_width":""},"product_brand":[],"product_cat":[274,92,1360,86],"product_tag":[1363,649,647],"class_list":{"0":"post-53806","1":"product","2":"type-product","3":"status-publish","4":"has-post-thumbnail","6":"product_cat-noad","7":"product_cat-puusepale","8":"product_cat-terariistad","9":"product_cat-tooriistad","10":"product_tag-morakniv","11":"product_tag-puidutoo","12":"product_tag-voolimisnuga","14":"first","15":"onbackorder","16":"taxable","17":"shipping-taxable","18":"product-type-simple"},"_links":{"self":[{"href":"https:\/\/majatohter.ee\/en\/wp-json\/wp\/v2\/product\/53806","targetHints":{"allow":["GET"]}}],"collection":[{"href":"https:\/\/majatohter.ee\/en\/wp-json\/wp\/v2\/product"}],"about":[{"href":"https:\/\/majatohter.ee\/en\/wp-json\/wp\/v2\/types\/product"}],"wp:featuredmedia":[{"embeddable":true,"href":"https:\/\/majatohter.ee\/en\/wp-json\/wp\/v2\/media\/53808"}],"wp:attachment":[{"href":"https:\/\/majatohter.ee\/en\/wp-json\/wp\/v2\/media?parent=53806"}],"wp:term":[{"taxonomy":"product_brand","embeddable":true,"href":"https:\/\/majatohter.ee\/en\/wp-json\/wp\/v2\/product_brand?post=53806"},{"taxonomy":"product_cat","embeddable":true,"href":"https:\/\/majatohter.ee\/en\/wp-json\/wp\/v2\/product_cat?post=53806"},{"taxonomy":"product_tag","embeddable":true,"href":"https:\/\/majatohter.ee\/en\/wp-json\/wp\/v2\/product_tag?post=53806"}],"curies":[{"name":"wp","href":"https:\/\/api.w.org\/{rel}","templated":true}]}}