{"id":53821,"date":"2019-01-22T13:24:04","date_gmt":"2019-01-22T11:24:04","guid":{"rendered":"https:\/\/majatohter.ee\/?post_type=product&#038;p=53821"},"modified":"2025-07-05T02:56:35","modified_gmt":"2025-07-05T00:56:35","slug":"puusepa-kirves-bacho","status":"publish","type":"product","link":"https:\/\/majatohter.ee\/en\/tooted\/tools\/hammers\/puusepa-kirves-bacho\/","title":{"rendered":"Puusepa kirves 600g, Bacho"},"content":{"rendered":"<p>Kasutatav kirve, haamri ja naela v\u00e4ljat\u00f5mbajana. Terasest vars. L\u00f6\u00f6gipind ja tera eraldi karastatud.<br \/>\nPehme kummik\u00e4epide. GS sertifikaat.<\/p>\n","protected":false},"excerpt":{"rendered":"<p>Kasutatav kirve, haamri ja naela v\u00e4ljat\u00f5mbajana. Terasest vars. L\u00f6\u00f6gipind ja tera eraldi karastatud. Pehme kummik\u00e4epide. GS sertifikaat.<\/p>\n","protected":false},"featured_media":53822,"template":"","meta":{"_et_pb_use_builder":"","_et_pb_old_content":"","_et_gb_content_width":""},"product_brand":[],"product_cat":[1359,92,1360,86],"product_tag":[707,1393],"class_list":{"0":"post-53821","1":"product","2":"type-product","3":"status-publish","4":"has-post-thumbnail","6":"product_cat-haamrid-kangid","7":"product_cat-puusepale","8":"product_cat-terariistad","9":"product_cat-tooriistad","10":"product_tag-kirves","11":"product_tag-puusepa","13":"first","14":"onbackorder","15":"featured","16":"taxable","17":"shipping-taxable","18":"purchasable","19":"product-type-simple"},"_links":{"self":[{"href":"https:\/\/majatohter.ee\/en\/wp-json\/wp\/v2\/product\/53821","targetHints":{"allow":["GET"]}}],"collection":[{"href":"https:\/\/majatohter.ee\/en\/wp-json\/wp\/v2\/product"}],"about":[{"href":"https:\/\/majatohter.ee\/en\/wp-json\/wp\/v2\/types\/product"}],"wp:featuredmedia":[{"embeddable":true,"href":"https:\/\/majatohter.ee\/en\/wp-json\/wp\/v2\/media\/53822"}],"wp:attachment":[{"href":"https:\/\/majatohter.ee\/en\/wp-json\/wp\/v2\/media?parent=53821"}],"wp:term":[{"taxonomy":"product_brand","embeddable":true,"href":"https:\/\/majatohter.ee\/en\/wp-json\/wp\/v2\/product_brand?post=53821"},{"taxonomy":"product_cat","embeddable":true,"href":"https:\/\/majatohter.ee\/en\/wp-json\/wp\/v2\/product_cat?post=53821"},{"taxonomy":"product_tag","embeddable":true,"href":"https:\/\/majatohter.ee\/en\/wp-json\/wp\/v2\/product_tag?post=53821"}],"curies":[{"name":"wp","href":"https:\/\/api.w.org\/{rel}","templated":true}]}}