{"id":53823,"date":"2019-01-22T13:38:30","date_gmt":"2019-01-22T11:38:30","guid":{"rendered":"https:\/\/majatohter.ee\/?post_type=product&#038;p=53823"},"modified":"2025-07-04T23:55:37","modified_gmt":"2025-07-04T21:55:37","slug":"matkakirves-bacho-380mm-1000g","status":"publish","type":"product","link":"https:\/\/majatohter.ee\/en\/tooted\/tools\/for-carpenter\/matkakirves-bacho-380mm-1000g\/","title":{"rendered":"Matkakirves, Bacho 380mm 1000g"},"content":{"rendered":"<p>Hea lihtne kirves erinevateks t\u00f6\u00f6deks.<br \/>\nLai \u00f5huke tera puhtaks l\u00f5ikamiseks.<br \/>\nVarustatud riputusaasaga.<\/p>\n<p>&nbsp;<\/p>\n","protected":false},"excerpt":{"rendered":"<p>Hea lihtne kirves erinevateks t\u00f6\u00f6deks. Lai \u00f5huke tera puhtaks l\u00f5ikamiseks. Varustatud riputusaasaga. &nbsp;<\/p>\n","protected":false},"featured_media":53824,"template":"","meta":{"_et_pb_use_builder":"","_et_pb_old_content":"","_et_gb_content_width":""},"product_brand":[],"product_cat":[92,1360,86],"product_tag":[707],"class_list":{"0":"post-53823","1":"product","2":"type-product","3":"status-publish","4":"has-post-thumbnail","6":"product_cat-puusepale","7":"product_cat-terariistad","8":"product_cat-tooriistad","9":"product_tag-kirves","11":"first","12":"instock","13":"taxable","14":"shipping-taxable","15":"purchasable","16":"product-type-simple"},"_links":{"self":[{"href":"https:\/\/majatohter.ee\/en\/wp-json\/wp\/v2\/product\/53823","targetHints":{"allow":["GET"]}}],"collection":[{"href":"https:\/\/majatohter.ee\/en\/wp-json\/wp\/v2\/product"}],"about":[{"href":"https:\/\/majatohter.ee\/en\/wp-json\/wp\/v2\/types\/product"}],"wp:featuredmedia":[{"embeddable":true,"href":"https:\/\/majatohter.ee\/en\/wp-json\/wp\/v2\/media\/53824"}],"wp:attachment":[{"href":"https:\/\/majatohter.ee\/en\/wp-json\/wp\/v2\/media?parent=53823"}],"wp:term":[{"taxonomy":"product_brand","embeddable":true,"href":"https:\/\/majatohter.ee\/en\/wp-json\/wp\/v2\/product_brand?post=53823"},{"taxonomy":"product_cat","embeddable":true,"href":"https:\/\/majatohter.ee\/en\/wp-json\/wp\/v2\/product_cat?post=53823"},{"taxonomy":"product_tag","embeddable":true,"href":"https:\/\/majatohter.ee\/en\/wp-json\/wp\/v2\/product_tag?post=53823"}],"curies":[{"name":"wp","href":"https:\/\/api.w.org\/{rel}","templated":true}]}}