{"id":53864,"date":"2019-02-07T12:02:56","date_gmt":"2019-02-07T10:02:56","guid":{"rendered":"https:\/\/majatohter.ee\/?post_type=product&#038;p=53864"},"modified":"2021-04-05T11:08:55","modified_gmt":"2021-04-05T09:08:55","slug":"rakennusapteekin-kataloog","status":"publish","type":"product","link":"https:\/\/majatohter.ee\/en\/tooted\/literature\/catalogs\/rakennusapteekin-kataloog\/","title":{"rendered":"Rakennusapteekin k\u00e4sikirja"},"content":{"rendered":"","protected":false},"excerpt":{"rendered":"<p>Kataloog ja k\u00e4siraamat \u00fches.\u00a0 Soome ja rootsi keeles paralleelselt.<\/p>\n<p>K\u00e4siraamat h\u00f5lmab traditsioonilisi t\u00f6\u00f6v\u00f5tteid.<\/p>\n<p>623 lk.<\/p>\n","protected":false},"featured_media":53865,"template":"","meta":{"_et_pb_use_builder":"","_et_pb_old_content":"","_et_gb_content_width":""},"product_brand":[],"product_cat":[144,142],"product_tag":[],"class_list":{"0":"post-53864","1":"product","2":"type-product","3":"status-publish","4":"has-post-thumbnail","6":"product_cat-kataloogid","7":"product_cat-kirjandus","9":"first","10":"instock","11":"taxable","12":"shipping-taxable","13":"product-type-simple"},"_links":{"self":[{"href":"https:\/\/majatohter.ee\/en\/wp-json\/wp\/v2\/product\/53864","targetHints":{"allow":["GET"]}}],"collection":[{"href":"https:\/\/majatohter.ee\/en\/wp-json\/wp\/v2\/product"}],"about":[{"href":"https:\/\/majatohter.ee\/en\/wp-json\/wp\/v2\/types\/product"}],"wp:featuredmedia":[{"embeddable":true,"href":"https:\/\/majatohter.ee\/en\/wp-json\/wp\/v2\/media\/53865"}],"wp:attachment":[{"href":"https:\/\/majatohter.ee\/en\/wp-json\/wp\/v2\/media?parent=53864"}],"wp:term":[{"taxonomy":"product_brand","embeddable":true,"href":"https:\/\/majatohter.ee\/en\/wp-json\/wp\/v2\/product_brand?post=53864"},{"taxonomy":"product_cat","embeddable":true,"href":"https:\/\/majatohter.ee\/en\/wp-json\/wp\/v2\/product_cat?post=53864"},{"taxonomy":"product_tag","embeddable":true,"href":"https:\/\/majatohter.ee\/en\/wp-json\/wp\/v2\/product_tag?post=53864"}],"curies":[{"name":"wp","href":"https:\/\/api.w.org\/{rel}","templated":true}]}}