{"id":55607,"date":"2019-07-27T12:02:28","date_gmt":"2019-07-27T10:02:28","guid":{"rendered":"https:\/\/majatohter.ee\/?post_type=product&#038;p=55607"},"modified":"2025-11-04T21:43:04","modified_gmt":"2025-11-04T19:43:04","slug":"tapisaag-prizecut-12","status":"publish","type":"product","link":"https:\/\/majatohter.ee\/en\/tooted\/tools\/for-carpenter\/tapisaag-prizecut-12\/","title":{"rendered":"Tapisaag PrizeCut 12&#8221;"},"content":{"rendered":"<p>Tapisaag peene ja keskmise j\u00e4medusega puidu l\u00f5ikamiseks. Tugevdatud selg t\u00e4psete l\u00f5igete jaoks.<br \/>\n15 hambavahet ja 16 hambatippu tolli kohta. Sae hambad on karastatud.<\/p>\n<p>Valmistatud Rootsis.<\/p>\n","protected":false},"excerpt":{"rendered":"<p>Tapisaag peene ja keskmise j\u00e4medusega puidu l\u00f5ikamiseks. Tugevdatud selg t\u00e4psete l\u00f5igete jaoks. 15 hambavahet ja 16 hambatippu tolli kohta. Sae hambad on karastatud. Valmistatud Rootsis.<\/p>\n","protected":false},"featured_media":55608,"template":"","meta":{"_et_pb_use_builder":"","_et_pb_old_content":"","_et_gb_content_width":""},"product_brand":[],"product_cat":[92,1360,86],"product_tag":[668,669],"class_list":{"0":"post-55607","1":"product","2":"type-product","3":"status-publish","4":"has-post-thumbnail","6":"product_cat-puusepale","7":"product_cat-terariistad","8":"product_cat-tooriistad","9":"product_tag-saag","10":"product_tag-tapisaag","12":"first","13":"onbackorder","14":"taxable","15":"shipping-taxable","16":"purchasable","17":"product-type-simple"},"_links":{"self":[{"href":"https:\/\/majatohter.ee\/en\/wp-json\/wp\/v2\/product\/55607","targetHints":{"allow":["GET"]}}],"collection":[{"href":"https:\/\/majatohter.ee\/en\/wp-json\/wp\/v2\/product"}],"about":[{"href":"https:\/\/majatohter.ee\/en\/wp-json\/wp\/v2\/types\/product"}],"wp:featuredmedia":[{"embeddable":true,"href":"https:\/\/majatohter.ee\/en\/wp-json\/wp\/v2\/media\/55608"}],"wp:attachment":[{"href":"https:\/\/majatohter.ee\/en\/wp-json\/wp\/v2\/media?parent=55607"}],"wp:term":[{"taxonomy":"product_brand","embeddable":true,"href":"https:\/\/majatohter.ee\/en\/wp-json\/wp\/v2\/product_brand?post=55607"},{"taxonomy":"product_cat","embeddable":true,"href":"https:\/\/majatohter.ee\/en\/wp-json\/wp\/v2\/product_cat?post=55607"},{"taxonomy":"product_tag","embeddable":true,"href":"https:\/\/majatohter.ee\/en\/wp-json\/wp\/v2\/product_tag?post=55607"}],"curies":[{"name":"wp","href":"https:\/\/api.w.org\/{rel}","templated":true}]}}