{"id":55609,"date":"2019-07-27T12:13:45","date_gmt":"2019-07-27T10:13:45","guid":{"rendered":"https:\/\/majatohter.ee\/?post_type=product&#038;p=55609"},"modified":"2025-07-04T23:56:20","modified_gmt":"2025-07-04T21:56:20","slug":"jaapani-saag-profcut-10-5-8","status":"publish","type":"product","link":"https:\/\/majatohter.ee\/en\/tooted\/tools\/for-carpenter\/jaapani-saag-profcut-10-5-8\/","title":{"rendered":"Tapisaag ProfCut 10 5\/8&#8221;"},"content":{"rendered":"<p>Toestatud \u00f5hukese teraga (0,3mm) tapisaag v\u00e4ga t\u00e4psete l\u00f5igete jaoks. J\u00e4tab v\u00e4ga kitsa l\u00f5ikej\u00e4lje (0,4mm) ja seega v\u00f5imaldab saagida v\u00e4iksema j\u00f5uga.<br \/>\nJT hambumus. Vahetatav tera.<\/p>\n<p>Valmistatud Jaapanis.<\/p>\n","protected":false},"excerpt":{"rendered":"<p>Toestatud \u00f5hukese teraga (0,3mm) tapisaag v\u00e4ga t\u00e4psete l\u00f5igete jaoks. J\u00e4tab v\u00e4ga kitsa l\u00f5ikej\u00e4lje (0,4mm) ja seega v\u00f5imaldab saagida v\u00e4iksema j\u00f5uga. JT hambumus. Vahetatav tera. Valmistatud Jaapanis.<\/p>\n","protected":false},"featured_media":55610,"template":"","meta":{"_et_pb_use_builder":"","_et_pb_old_content":"","_et_gb_content_width":""},"product_brand":[],"product_cat":[92,1360,86],"product_tag":[713,669],"class_list":{"0":"post-55609","1":"product","2":"type-product","3":"status-publish","4":"has-post-thumbnail","6":"product_cat-puusepale","7":"product_cat-terariistad","8":"product_cat-tooriistad","9":"product_tag-jaapani-saag","10":"product_tag-tapisaag","12":"first","13":"onbackorder","14":"taxable","15":"shipping-taxable","16":"purchasable","17":"product-type-simple"},"_links":{"self":[{"href":"https:\/\/majatohter.ee\/en\/wp-json\/wp\/v2\/product\/55609","targetHints":{"allow":["GET"]}}],"collection":[{"href":"https:\/\/majatohter.ee\/en\/wp-json\/wp\/v2\/product"}],"about":[{"href":"https:\/\/majatohter.ee\/en\/wp-json\/wp\/v2\/types\/product"}],"wp:featuredmedia":[{"embeddable":true,"href":"https:\/\/majatohter.ee\/en\/wp-json\/wp\/v2\/media\/55610"}],"wp:attachment":[{"href":"https:\/\/majatohter.ee\/en\/wp-json\/wp\/v2\/media?parent=55609"}],"wp:term":[{"taxonomy":"product_brand","embeddable":true,"href":"https:\/\/majatohter.ee\/en\/wp-json\/wp\/v2\/product_brand?post=55609"},{"taxonomy":"product_cat","embeddable":true,"href":"https:\/\/majatohter.ee\/en\/wp-json\/wp\/v2\/product_cat?post=55609"},{"taxonomy":"product_tag","embeddable":true,"href":"https:\/\/majatohter.ee\/en\/wp-json\/wp\/v2\/product_tag?post=55609"}],"curies":[{"name":"wp","href":"https:\/\/api.w.org\/{rel}","templated":true}]}}