{"id":55660,"date":"2019-07-29T11:54:00","date_gmt":"2019-07-29T09:54:00","guid":{"rendered":"https:\/\/majatohter.ee\/?post_type=product&#038;p=55660"},"modified":"2019-07-29T11:55:36","modified_gmt":"2019-07-29T09:55:36","slug":"varvilised-viimistluspliiatsid-202-a","status":"publish","type":"product","link":"https:\/\/majatohter.ee\/en\/tooted\/furniture-restoration\/tools-accessories\/varvilised-viimistluspliiatsid-202-a\/","title":{"rendered":"V\u00e4rvilised viimistluspliiatsid 202 A"},"content":{"rendered":"<p>V\u00e4rvilised laki efektiga viimistlus ja parandus pliiatsid puidu v\u00f5i laminaat pindadel olevate v\u00e4ikeste kahjustuste parandamiseks.<\/p>\n<p>Sisaldavad alkoholi baasil kiiresti kuivavat glasuuri.<\/p>\n<p>Komplektis 12 erinevat tooni.<\/p>\n","protected":false},"excerpt":{"rendered":"<p>M\u00fc\u00fcgil \u00fchekaupa.<\/p>\n","protected":false},"featured_media":55661,"template":"","meta":{"_et_pb_use_builder":"","_et_pb_old_content":"","_et_gb_content_width":""},"product_brand":[],"product_cat":[113,116],"product_tag":[1429,1428],"class_list":{"0":"post-55660","1":"product","2":"type-product","3":"status-publish","4":"has-post-thumbnail","6":"product_cat-mooblirestauraatorile","7":"product_cat-tarvikud","8":"product_tag-pliiats","9":"product_tag-viimistlus","11":"first","12":"instock","13":"taxable","14":"shipping-taxable","15":"product-type-simple"},"_links":{"self":[{"href":"https:\/\/majatohter.ee\/en\/wp-json\/wp\/v2\/product\/55660","targetHints":{"allow":["GET"]}}],"collection":[{"href":"https:\/\/majatohter.ee\/en\/wp-json\/wp\/v2\/product"}],"about":[{"href":"https:\/\/majatohter.ee\/en\/wp-json\/wp\/v2\/types\/product"}],"wp:featuredmedia":[{"embeddable":true,"href":"https:\/\/majatohter.ee\/en\/wp-json\/wp\/v2\/media\/55661"}],"wp:attachment":[{"href":"https:\/\/majatohter.ee\/en\/wp-json\/wp\/v2\/media?parent=55660"}],"wp:term":[{"taxonomy":"product_brand","embeddable":true,"href":"https:\/\/majatohter.ee\/en\/wp-json\/wp\/v2\/product_brand?post=55660"},{"taxonomy":"product_cat","embeddable":true,"href":"https:\/\/majatohter.ee\/en\/wp-json\/wp\/v2\/product_cat?post=55660"},{"taxonomy":"product_tag","embeddable":true,"href":"https:\/\/majatohter.ee\/en\/wp-json\/wp\/v2\/product_tag?post=55660"}],"curies":[{"name":"wp","href":"https:\/\/api.w.org\/{rel}","templated":true}]}}