{"id":596,"date":"2016-07-12T17:56:04","date_gmt":"2016-07-12T15:56:04","guid":{"rendered":"http:\/\/uus.majatohter.ee\/tooted\/tooriistad\/kitilamp-2\/"},"modified":"2023-02-14T13:57:05","modified_gmt":"2023-02-14T11:57:05","slug":"kitilamp","status":"publish","type":"product","link":"https:\/\/majatohter.ee\/en\/tooted\/window-restoration\/putty-lamp\/kitilamp\/","title":{"rendered":"Kitilamp SH 800"},"content":{"rendered":"<p>T\u00f5hus t\u00f6\u00f6riist vana kiti eemaldamiseks. T\u00e4nu l\u00fchilaine infrapunatehnoloogiale j\u00e4\u00e4vad aknaklaasid terveks.<\/p>\n<ul>\n<li>Kiire t\u00f6\u00f6protsess<\/li>\n<li>V\u00e4hem tolmu<\/li>\n<li>V\u00e4hem haisu ja suitsu<\/li>\n<li>Ei l\u00f5hu klaasi<\/li>\n<li>K\u00f5ige keskkonnas\u00f5bralikum meetod kiti eemaldamiseks<\/li>\n<\/ul>\n<p><strong>T\u00f6\u00f6protsess:<\/strong><br \/>\nKanna pintsliga pinnale <a href=\"https:\/\/majatohter.ee\/tooted\/pinnaviimistlus\/allback-linaolivaha\/\" target=\"_blank\" rel=\"noopener noreferrer\">lina\u00f5livaha<\/a>.<br \/>\nKuumuta pinda Kitilambiga kuni kitt muutub pehmeks.<br \/>\nEemalda kitt kaabitsaga.<br \/>\nPuhasta puidupind teritatud kaabitsaga, soovitame kaabitsat <em><a href=\"https:\/\/majatohter.ee\/tooted\/tooriistad\/kaabits-lillskrapan\/\" target=\"_blank\" rel=\"noopener noreferrer\">Lillskrapan<\/a>.<\/em><\/p>\n<p>&nbsp;<\/p>\n<p>&nbsp;<\/p>\n","protected":false},"excerpt":{"rendered":"<p>T\u00f5hus t\u00f6\u00f6riist vana kiti eemaldamiseks. T\u00e4nu l\u00fchilaine infrapunatehnoloogiale j\u00e4\u00e4vad aknaklaasid terveks. Kiire t\u00f6\u00f6protsess V\u00e4hem tolmu V\u00e4hem haisu ja suitsu Ei l\u00f5hu klaasi K\u00f5ige keskkonnas\u00f5bralikum meetod kiti eemaldamiseks T\u00f6\u00f6protsess: Kanna pintsliga pinnale lina\u00f5livaha. Kuumuta pinda Kitilambiga kuni kitt muutub pehmeks. Eemalda kitt kaabitsaga. Puhasta puidupind teritatud kaabitsaga, soovitame kaabitsat Lillskrapan. &nbsp; &nbsp;<\/p>\n","protected":false},"featured_media":593,"template":"","meta":{"_et_pb_use_builder":"","_et_pb_old_content":"","_et_gb_content_width":""},"product_brand":[],"product_cat":[108,109,86,91],"product_tag":[1050,1048,1049,394],"class_list":{"0":"post-596","1":"product","2":"type-product","3":"status-publish","4":"has-post-thumbnail","6":"product_cat-aknarestauraatorile","7":"product_cat-kitilamp","8":"product_cat-tooriistad","9":"product_cat-masinad","10":"product_tag-infrapuna","11":"product_tag-kitilamp","12":"product_tag-spotheater","13":"product_tag-varvieemaldus","15":"first","16":"instock","17":"taxable","18":"shipping-taxable","19":"purchasable","20":"product-type-simple"},"_links":{"self":[{"href":"https:\/\/majatohter.ee\/en\/wp-json\/wp\/v2\/product\/596","targetHints":{"allow":["GET"]}}],"collection":[{"href":"https:\/\/majatohter.ee\/en\/wp-json\/wp\/v2\/product"}],"about":[{"href":"https:\/\/majatohter.ee\/en\/wp-json\/wp\/v2\/types\/product"}],"wp:featuredmedia":[{"embeddable":true,"href":"https:\/\/majatohter.ee\/en\/wp-json\/wp\/v2\/media\/593"}],"wp:attachment":[{"href":"https:\/\/majatohter.ee\/en\/wp-json\/wp\/v2\/media?parent=596"}],"wp:term":[{"taxonomy":"product_brand","embeddable":true,"href":"https:\/\/majatohter.ee\/en\/wp-json\/wp\/v2\/product_brand?post=596"},{"taxonomy":"product_cat","embeddable":true,"href":"https:\/\/majatohter.ee\/en\/wp-json\/wp\/v2\/product_cat?post=596"},{"taxonomy":"product_tag","embeddable":true,"href":"https:\/\/majatohter.ee\/en\/wp-json\/wp\/v2\/product_tag?post=596"}],"curies":[{"name":"wp","href":"https:\/\/api.w.org\/{rel}","templated":true}]}}