{"id":642,"date":"2016-07-13T23:14:19","date_gmt":"2016-07-13T21:14:19","guid":{"rendered":"http:\/\/uus.majatohter.ee\/?post_type=product&#038;p=642"},"modified":"2026-04-13T20:02:10","modified_gmt":"2026-04-13T18:02:10","slug":"saaremaa-lubivarv","status":"publish","type":"product","link":"https:\/\/majatohter.ee\/en\/tooted\/paints\/lime-paint\/saaremaa-lubivarv\/","title":{"rendered":"Saaremaa lubiv\u00e4rv"},"content":{"rendered":"<p>Lubiv\u00e4rv on valmistatud k\u00e4sitsi p\u00f5letatud k\u00f5rgekvaliteedilisest Saaremaa lubjakivist ning veest<\/p>\n<p><strong>KASUTAMINE:<\/strong><br \/>\nelamud, kultuur-ajaloolised objektid, korstnajalgade, p\u00f5llumajandushoonete, keldrite, viljapuude valgendamiseks. Omab head desinfitseerivat toimet mikroorganismide vastu.<\/p>\n<p><strong>KASUTAMISJUHEND:<\/strong><br \/>\nv\u00e4rvitav pind puhastada mustusest, tolmust ja lahtistest osakestest. Enne kasutamist ja kasutamise ajal tuleb v\u00e4rvi segada nii, et tahke aine (liimaine) ei sadestuks n\u00f5u p\u00f5hja. V\u00e4rvitakse spetsiaalse lubja- v\u00f5i v\u00e4rvipintsliga. Krundikihi v\u00e4rvimisel lisada 1 purgi v\u00e4rvi kohta 5 liitrit vett, teistele kihtidele vett lisada pole vaja. V\u00e4rvimiskordade arv s\u00f5ltub aluspinnast ja objektist: ehitistel 3-6 korda, valgendamisel 1-2 korda.<br \/>\n<a href=\"http:\/\/majatohter.ee\/wp-content\/uploads\/2016\/07\/lubiv\u00e4rv-1.pdf\">Lubiv\u00e4rvi kasutusjuhend<\/a><\/p>\n<p><strong>KULU:<\/strong> 3-6 m\u00b2\/l<br \/>\n<strong>S\u00c4ILITAMINE:<\/strong> suletud purgis temperatuuril \u00fcle 0\u00b0C<br \/>\n<strong>T\u00d6\u00d6OHUTUS:<\/strong> kanda silmade ja n\u00e4o kaitsevahendeid. Pritsmete silmasattumisel loputada koheselt rohke veega.<\/p>\n","protected":false},"excerpt":{"rendered":"<p>10L<\/p>\n","protected":false},"featured_media":67809,"template":"","meta":{"_et_pb_use_builder":"","_et_pb_old_content":"","_et_gb_content_width":""},"product_brand":[],"product_cat":[43,22],"product_tag":[695,2344,2343,2238],"class_list":{"0":"post-642","1":"product","2":"type-product","3":"status-publish","4":"has-post-thumbnail","6":"product_cat-lubivarv","7":"product_cat-varvid","8":"product_tag-lubivarv","9":"product_tag-lubivarvi-kasutamine","10":"product_tag-lubivarviga-varvimine","11":"product_tag-saaremaa-lubi","13":"first","14":"onbackorder","15":"taxable","16":"shipping-taxable","17":"purchasable","18":"product-type-simple"},"_links":{"self":[{"href":"https:\/\/majatohter.ee\/en\/wp-json\/wp\/v2\/product\/642","targetHints":{"allow":["GET"]}}],"collection":[{"href":"https:\/\/majatohter.ee\/en\/wp-json\/wp\/v2\/product"}],"about":[{"href":"https:\/\/majatohter.ee\/en\/wp-json\/wp\/v2\/types\/product"}],"wp:featuredmedia":[{"embeddable":true,"href":"https:\/\/majatohter.ee\/en\/wp-json\/wp\/v2\/media\/67809"}],"wp:attachment":[{"href":"https:\/\/majatohter.ee\/en\/wp-json\/wp\/v2\/media?parent=642"}],"wp:term":[{"taxonomy":"product_brand","embeddable":true,"href":"https:\/\/majatohter.ee\/en\/wp-json\/wp\/v2\/product_brand?post=642"},{"taxonomy":"product_cat","embeddable":true,"href":"https:\/\/majatohter.ee\/en\/wp-json\/wp\/v2\/product_cat?post=642"},{"taxonomy":"product_tag","embeddable":true,"href":"https:\/\/majatohter.ee\/en\/wp-json\/wp\/v2\/product_tag?post=642"}],"curies":[{"name":"wp","href":"https:\/\/api.w.org\/{rel}","templated":true}]}}