{"id":67721,"date":"2020-11-18T15:38:40","date_gmt":"2020-11-18T13:38:40","guid":{"rendered":"https:\/\/majatohter.ee\/?post_type=product&#038;p=67721"},"modified":"2023-01-11T14:14:47","modified_gmt":"2023-01-11T12:14:47","slug":"salv-nahale-okomaja","status":"publish","type":"product","link":"https:\/\/majatohter.ee\/en\/tooted\/for-body-skin\/salv-nahale-okomaja\/","title":{"rendered":"Salv nahale, \u00d6komaja"},"content":{"rendered":"<h3>Ravitsejad on t\u00e4heldanud salvidel j\u00e4rgnevaid toimeid:<\/h3>\n<p><strong>Kaset\u00f6kati salv<\/strong> &#8211; Nahaprobleemid<\/p>\n<p><strong>Kurgirohu salv<\/strong> &#8211; Nahka noorendav ja niisutav. Kortsude pingutaja. Sobib \u00f5rna, elutu ja tuhmi naha hoolduseks ning reumaatiliste valude leevendamiseks.<\/p>\n<p><strong>Kummelikreem<\/strong> \u2013 Kummel on enimkasutatud ravimtaim Eestis. Antiseptiline haavade, haavandite, paistetuse, p\u00f5letike, nahaprobleemide, putukahammustuste, huuleohatise, lihasspasmide korral. Nahka taastav, pehmendav, rahustav toime. Sobib ka n\u00e4o ja k\u00e4te hoolduseks.<\/p>\n","protected":false},"excerpt":{"rendered":"<p>Ravitsejad on t\u00e4heldanud salvidel j\u00e4rgnevaid toimeid: Kaset\u00f6kati salv &#8211; Nahaprobleemid Kurgirohu salv &#8211; Nahka noorendav ja niisutav. Kortsude pingutaja. Sobib \u00f5rna, elutu ja tuhmi naha hoolduseks ning reumaatiliste valude leevendamiseks. Kummelikreem \u2013 Kummel on enimkasutatud ravimtaim Eestis. Antiseptiline haavade, haavandite, paistetuse, p\u00f5letike, nahaprobleemide, putukahammustuste, huuleohatise, lihasspasmide korral. Nahka taastav, pehmendav, rahustav toime. Sobib ka n\u00e4o [&hellip;]<\/p>\n","protected":false},"featured_media":67726,"template":"","meta":{"_et_pb_use_builder":"","_et_pb_old_content":"","_et_gb_content_width":""},"product_brand":[],"product_cat":[2221],"product_tag":[2222],"class_list":{"0":"post-67721","1":"product","2":"type-product","3":"status-publish","4":"has-post-thumbnail","6":"product_cat-kehale-ja-nahale","7":"product_tag-salv","9":"first","10":"instock","11":"taxable","12":"shipping-taxable","13":"purchasable","14":"product-type-simple"},"_links":{"self":[{"href":"https:\/\/majatohter.ee\/en\/wp-json\/wp\/v2\/product\/67721","targetHints":{"allow":["GET"]}}],"collection":[{"href":"https:\/\/majatohter.ee\/en\/wp-json\/wp\/v2\/product"}],"about":[{"href":"https:\/\/majatohter.ee\/en\/wp-json\/wp\/v2\/types\/product"}],"wp:featuredmedia":[{"embeddable":true,"href":"https:\/\/majatohter.ee\/en\/wp-json\/wp\/v2\/media\/67726"}],"wp:attachment":[{"href":"https:\/\/majatohter.ee\/en\/wp-json\/wp\/v2\/media?parent=67721"}],"wp:term":[{"taxonomy":"product_brand","embeddable":true,"href":"https:\/\/majatohter.ee\/en\/wp-json\/wp\/v2\/product_brand?post=67721"},{"taxonomy":"product_cat","embeddable":true,"href":"https:\/\/majatohter.ee\/en\/wp-json\/wp\/v2\/product_cat?post=67721"},{"taxonomy":"product_tag","embeddable":true,"href":"https:\/\/majatohter.ee\/en\/wp-json\/wp\/v2\/product_tag?post=67721"}],"curies":[{"name":"wp","href":"https:\/\/api.w.org\/{rel}","templated":true}]}}