{"id":67941,"date":"2020-11-26T12:21:29","date_gmt":"2020-11-26T10:21:29","guid":{"rendered":"https:\/\/majatohter.ee\/?post_type=product&#038;p=67941"},"modified":"2025-09-02T21:01:11","modified_gmt":"2025-09-02T19:01:11","slug":"aknapoor-mantelraamile-tsingitud","status":"publish","type":"product","link":"https:\/\/majatohter.ee\/en\/tooted\/furniture\/sulgurid-en\/aknapoor-mantelraamile-tsingitud\/","title":{"rendered":"Aknap\u00f6\u00f6r, mantelraamile (hele)"},"content":{"rendered":"<p>Aknap\u00f6\u00f6r tasaraamile.<br \/>\nKogupikkus\u00a0 61 mm.<br \/>\nMalmist, tsingitud.<\/p>\n","protected":false},"excerpt":{"rendered":"<p>Aknap\u00f6\u00f6r tasaraamile. Kogupikkus\u00a0 61 mm. Malmist, tsingitud.<\/p>\n","protected":false},"featured_media":67933,"template":"","meta":{"_et_pb_use_builder":"","_et_pb_old_content":"","_et_gb_content_width":""},"product_brand":[],"product_cat":[132,136],"product_tag":[933],"class_list":{"0":"post-67941","1":"product","2":"type-product","3":"status-publish","4":"has-post-thumbnail","6":"product_cat-furnituur","7":"product_cat-sulgurid","8":"product_tag-aknapoor","10":"first","11":"onbackorder","12":"taxable","13":"shipping-taxable","14":"purchasable","15":"product-type-simple"},"_links":{"self":[{"href":"https:\/\/majatohter.ee\/en\/wp-json\/wp\/v2\/product\/67941","targetHints":{"allow":["GET"]}}],"collection":[{"href":"https:\/\/majatohter.ee\/en\/wp-json\/wp\/v2\/product"}],"about":[{"href":"https:\/\/majatohter.ee\/en\/wp-json\/wp\/v2\/types\/product"}],"wp:featuredmedia":[{"embeddable":true,"href":"https:\/\/majatohter.ee\/en\/wp-json\/wp\/v2\/media\/67933"}],"wp:attachment":[{"href":"https:\/\/majatohter.ee\/en\/wp-json\/wp\/v2\/media?parent=67941"}],"wp:term":[{"taxonomy":"product_brand","embeddable":true,"href":"https:\/\/majatohter.ee\/en\/wp-json\/wp\/v2\/product_brand?post=67941"},{"taxonomy":"product_cat","embeddable":true,"href":"https:\/\/majatohter.ee\/en\/wp-json\/wp\/v2\/product_cat?post=67941"},{"taxonomy":"product_tag","embeddable":true,"href":"https:\/\/majatohter.ee\/en\/wp-json\/wp\/v2\/product_tag?post=67941"}],"curies":[{"name":"wp","href":"https:\/\/api.w.org\/{rel}","templated":true}]}}