{"id":68247,"date":"2020-12-08T14:56:17","date_gmt":"2020-12-08T12:56:17","guid":{"rendered":"https:\/\/majatohter.ee\/?post_type=product&#038;p=68247"},"modified":"2025-12-31T01:42:21","modified_gmt":"2025-12-30T23:42:21","slug":"sadulavoo-pinguti-os-869","status":"publish","type":"product","link":"https:\/\/majatohter.ee\/en\/tooted\/furniture-restoration\/tools-accessories\/sadulavoo-pinguti-os-869\/","title":{"rendered":"Sadulav\u00f6\u00f6 pinguti, OS 869"},"content":{"rendered":"<p>Puidust sadulav\u00f6\u00f6 pinguti.\u00a0Laius\u00a080mm\u00a0ja pikkus\u00a0175mm.<br \/>\nTagaservas on u-kujuline soon, mis lihtsustab t\u00f6\u00f6d.<\/p>\n","protected":false},"excerpt":{"rendered":"<p>Puidust sadulav\u00f6\u00f6 pinguti.\u00a0Laius\u00a080mm\u00a0ja pikkus\u00a0175mm. Tagaservas on u-kujuline soon, mis lihtsustab t\u00f6\u00f6d.<\/p>\n","protected":false},"featured_media":68248,"template":"","meta":{"_et_pb_use_builder":"","_et_pb_old_content":"","_et_gb_content_width":""},"product_brand":[],"product_cat":[113,86,116],"product_tag":[939,523,2326],"class_list":{"0":"post-68247","1":"product","2":"type-product","3":"status-publish","4":"has-post-thumbnail","6":"product_cat-mooblirestauraatorile","7":"product_cat-tooriistad","8":"product_cat-tarvikud","9":"product_tag-moobli-restaureerimine","10":"product_tag-sadulavoo-pinguti","11":"product_tag-sadulsepatoo","13":"first","14":"instock","15":"taxable","16":"shipping-taxable","17":"purchasable","18":"product-type-simple"},"_links":{"self":[{"href":"https:\/\/majatohter.ee\/en\/wp-json\/wp\/v2\/product\/68247","targetHints":{"allow":["GET"]}}],"collection":[{"href":"https:\/\/majatohter.ee\/en\/wp-json\/wp\/v2\/product"}],"about":[{"href":"https:\/\/majatohter.ee\/en\/wp-json\/wp\/v2\/types\/product"}],"wp:featuredmedia":[{"embeddable":true,"href":"https:\/\/majatohter.ee\/en\/wp-json\/wp\/v2\/media\/68248"}],"wp:attachment":[{"href":"https:\/\/majatohter.ee\/en\/wp-json\/wp\/v2\/media?parent=68247"}],"wp:term":[{"taxonomy":"product_brand","embeddable":true,"href":"https:\/\/majatohter.ee\/en\/wp-json\/wp\/v2\/product_brand?post=68247"},{"taxonomy":"product_cat","embeddable":true,"href":"https:\/\/majatohter.ee\/en\/wp-json\/wp\/v2\/product_cat?post=68247"},{"taxonomy":"product_tag","embeddable":true,"href":"https:\/\/majatohter.ee\/en\/wp-json\/wp\/v2\/product_tag?post=68247"}],"curies":[{"name":"wp","href":"https:\/\/api.w.org\/{rel}","templated":true}]}}