{"id":69868,"date":"2021-02-04T15:34:38","date_gmt":"2021-02-04T13:34:38","guid":{"rendered":"https:\/\/majatohter.ee\/?post_type=product&#038;p=69868"},"modified":"2026-04-20T19:42:04","modified_gmt":"2026-04-20T17:42:04","slug":"paatina-vaha-gooti","status":"publish","type":"product","link":"https:\/\/majatohter.ee\/en\/tooted\/surface-treatment\/wax\/special-wax\/paatina-vaha-gooti\/","title":{"rendered":"Patinavaha (gooti vaha)"},"content":{"rendered":"<p>Gooti Patina on bituumenil baseeruv h\u00e4sti kattev vedel vaha, mis annab nii vanale kui ka uuele palgile vanamoodsa tooni. Sobib sisetingimustes olevate palkide viimistlemiseks. Gooti Patina vaha sobib ka m\u00f6\u00f6bli viimistlemiseks. Gooti Patina annab puidule vanamoodsa nn. \u201ep\u00f5lenud tamme\u201c tooni ja samaaegselt kaitseb puitu.<\/p>\n<p>Katvus: 5m\u00b2\/L<br \/>\nKuivamisaeg: 2h<br \/>\nT\u00f6\u00f6vahendid: pintsel<br \/>\nT\u00f6\u00f6vahendite puhastamine: lakibensiin<\/p>\n","protected":false},"excerpt":{"rendered":"<p>Gooti Patina on bituumenil baseeruv h\u00e4sti kattev vedel vaha, mis annab nii vanale kui ka uuele palgile vanamoodsa tooni. Sobib sisetingimustes olevate palkide viimistlemiseks. Gooti Patina vaha sobib ka m\u00f6\u00f6bli viimistlemiseks. Gooti Patina annab puidule vanamoodsa nn. \u201ep\u00f5lenud tamme\u201c tooni ja samaaegselt kaitseb puitu. Katvus: 5m\u00b2\/L Kuivamisaeg: 2h T\u00f6\u00f6vahendid: pintsel T\u00f6\u00f6vahendite puhastamine: lakibensiin<\/p>\n","protected":false},"featured_media":69869,"template":"","meta":{"_et_pb_use_builder":"","_et_pb_old_content":"","_et_gb_content_width":""},"product_brand":[],"product_cat":[28,1331,30],"product_tag":[2498,2497,2496],"class_list":{"0":"post-69868","1":"product","2":"type-product","3":"status-publish","4":"has-post-thumbnail","6":"product_cat-pinnaviimistlus","7":"product_cat-spetsiaalsed-vahad","8":"product_cat-vahad","9":"product_tag-antiikpaatina","10":"product_tag-gootivaha","11":"product_tag-patinavaha","13":"first","14":"instock","15":"taxable","16":"shipping-taxable","17":"purchasable","18":"product-type-simple"},"_links":{"self":[{"href":"https:\/\/majatohter.ee\/en\/wp-json\/wp\/v2\/product\/69868","targetHints":{"allow":["GET"]}}],"collection":[{"href":"https:\/\/majatohter.ee\/en\/wp-json\/wp\/v2\/product"}],"about":[{"href":"https:\/\/majatohter.ee\/en\/wp-json\/wp\/v2\/types\/product"}],"wp:featuredmedia":[{"embeddable":true,"href":"https:\/\/majatohter.ee\/en\/wp-json\/wp\/v2\/media\/69869"}],"wp:attachment":[{"href":"https:\/\/majatohter.ee\/en\/wp-json\/wp\/v2\/media?parent=69868"}],"wp:term":[{"taxonomy":"product_brand","embeddable":true,"href":"https:\/\/majatohter.ee\/en\/wp-json\/wp\/v2\/product_brand?post=69868"},{"taxonomy":"product_cat","embeddable":true,"href":"https:\/\/majatohter.ee\/en\/wp-json\/wp\/v2\/product_cat?post=69868"},{"taxonomy":"product_tag","embeddable":true,"href":"https:\/\/majatohter.ee\/en\/wp-json\/wp\/v2\/product_tag?post=69868"}],"curies":[{"name":"wp","href":"https:\/\/api.w.org\/{rel}","templated":true}]}}