{"id":711,"date":"2016-07-14T11:00:16","date_gmt":"2016-07-14T09:00:16","guid":{"rendered":"http:\/\/uus.majatohter.ee\/?post_type=product&#038;p=711"},"modified":"2026-03-20T00:43:22","modified_gmt":"2026-03-19T22:43:22","slug":"silumislaud-hudrosvamm","status":"publish","type":"product","link":"https:\/\/majatohter.ee\/en\/tooted\/tools\/plastering-tools\/silumislaud-hudrosvamm\/","title":{"rendered":"Silumislaud h\u00fcdro\u0161vamm"},"content":{"rendered":"<p>Pehme \u0161vammiga silumislaud. \u0160vammi paksus 30mm.<\/p>\n","protected":false},"excerpt":{"rendered":"<p>Pehme \u0161vammiga silumislaud. \u0160vammi paksus 30mm.<\/p>\n","protected":false},"featured_media":68150,"template":"","meta":{"_et_pb_use_builder":"","_et_pb_old_content":"","_et_gb_content_width":""},"product_brand":[],"product_cat":[89,86],"product_tag":[2308,1217],"class_list":{"0":"post-711","1":"product","2":"type-product","3":"status-publish","4":"has-post-thumbnail","6":"product_cat-kellud","7":"product_cat-tooriistad","8":"product_tag-hooruti","9":"product_tag-silumislaud","11":"first","12":"instock","13":"taxable","14":"shipping-taxable","15":"purchasable","16":"product-type-simple"},"_links":{"self":[{"href":"https:\/\/majatohter.ee\/en\/wp-json\/wp\/v2\/product\/711","targetHints":{"allow":["GET"]}}],"collection":[{"href":"https:\/\/majatohter.ee\/en\/wp-json\/wp\/v2\/product"}],"about":[{"href":"https:\/\/majatohter.ee\/en\/wp-json\/wp\/v2\/types\/product"}],"wp:featuredmedia":[{"embeddable":true,"href":"https:\/\/majatohter.ee\/en\/wp-json\/wp\/v2\/media\/68150"}],"wp:attachment":[{"href":"https:\/\/majatohter.ee\/en\/wp-json\/wp\/v2\/media?parent=711"}],"wp:term":[{"taxonomy":"product_brand","embeddable":true,"href":"https:\/\/majatohter.ee\/en\/wp-json\/wp\/v2\/product_brand?post=711"},{"taxonomy":"product_cat","embeddable":true,"href":"https:\/\/majatohter.ee\/en\/wp-json\/wp\/v2\/product_cat?post=711"},{"taxonomy":"product_tag","embeddable":true,"href":"https:\/\/majatohter.ee\/en\/wp-json\/wp\/v2\/product_tag?post=711"}],"curies":[{"name":"wp","href":"https:\/\/api.w.org\/{rel}","templated":true}]}}