{"id":737,"date":"2016-07-14T12:59:57","date_gmt":"2016-07-14T10:59:57","guid":{"rendered":"http:\/\/uus.majatohter.ee\/?post_type=product&#038;p=737"},"modified":"2026-03-26T01:42:50","modified_gmt":"2026-03-25T23:42:50","slug":"stripper-varvieemaldaja","status":"publish","type":"product","link":"https:\/\/majatohter.ee\/en\/tooted\/chemicals\/paint-stripping\/stripper-varvieemaldaja\/","title":{"rendered":"Stripper v\u00e4rvieemaldaja"},"content":{"rendered":"<p>Efektiivne geeljas aine v\u00e4rvi ja laki eemaldamiseks puit ja metallipindadelt. Toode ei muuda puidu tooni, ega kahjusta spooni ega liimimiskohti. S\u00fcltjas koostis lihtsustab toote kasutamist vertikaalpindadel. Liberon v\u00e4rvieemaldaja ei sisalda met\u00fcleenkloriidi ja on kloorivaba.\u00a0Kuna ta on zeleetaoline ehk tiksotroopne aine, v\u00f5ib teda peale kanda isegi vertikaalsetele pindadele. Mitte kasutada p\u00e4ikese k\u00e4es.<\/p>\n<p>KASUTUSJUHEND:<br \/>\nDoseeri Stripper v\u00e4rvieemaldajat piisavalt palju, et ta pinna peal ei kuivaks ja lase 10-30 minutit m\u00f5juda.<br \/>\nEralda eraldunud v\u00e4rv\/lakk plastmassist liistuga v\u00f5i <a href=\"https:\/\/majatohter.ee\/tooted\/tooriistad\/terasvill-100g\/\">Terasvillaga<\/a> nr.2. T\u00f6\u00f6tle puitu puidus\u00fc\u00fc suunas. Kui<br \/>\nk\u00f5ik v\u00e4rvi\/lakikihid on eraldatud, puhastatakse ja neutraliseeritakse pind Liberoni M\u00f6\u00f6bli puhastusainega.<br \/>\n\u00c4ra kasuta vett, see v\u00f5ib kahjustada puitu ja liim\u00fchendusi. Lase puitpinnal enne j\u00e4rgnevat viimistlemist<br \/>\nt\u00e4ielikult kuivada.<br \/>\n<span style=\"text-decoration: underline;\">T\u00e4helepanu!<\/span> Kui kasutad Stripper v\u00e4rvieemaldajat, kasuta sobivaid kaitsekindaid ja hoolitse hea<br \/>\nventilatsiooni eest. Enne Stripper v\u00e4rvieemaldajaga t\u00f6\u00f6tlemist, on soovitav pinda lihvida, sest siis tungib aine\u00a0paremini v\u00e4rvikihi alla. Kui pind koosneb mitmest v\u00e4rvi\/lakikihist, korratakse operatsiooni v\u00e4rvieemaldajaga\u00a0kuni pind on t\u00e4iesti puhas.<\/p>\n<p><strong>Ohutus:<\/strong>\u00a0V\u00e4ga tuleohtlik! \u00c4rritab silmi.Korduv toime v\u00f5ib p\u00f5hjustada naha kuivust v\u00f5i\u00a0l\u00f5henemist. Aurud v\u00f5ivad p\u00f5hjustada uimasust v\u00f5i peap\u00f6\u00f6ritust. Hoida eemal\u00a0s\u00fcttimisallikast \u2013 mitte suitsetada. Hoida lastele k\u00e4ttesaamatult. V\u00e4ltida silma sattumist. Silma sattumisel loputada otsekohe rohke veega ja p\u00f6\u00f6rduda arsti poole. Mitte valada kanalisatsiooni. Kemikaali allaneelamisel mitte esile kutsuda oksendamist, p\u00f6\u00f6rduda viivitamatult arsti poole ja n\u00e4idata pakendit v\u00f5i etiketti.<\/p>\n<p><a href=\"http:\/\/majatohter.ee\/wp-content\/uploads\/2016\/07\/STRIPPER.pdf\">Stripper v\u00e4rvieemaldaja tootekirjeldus<\/a><\/p>\n<p>&nbsp;<\/p>\n","protected":false},"excerpt":{"rendered":"<p>Efektiivne geeljas aine v\u00e4rvi ja laki eemaldamiseks puit ja metallipindadelt. Toode ei muuda puidu tooni, ega kahjusta spooni ega liimimiskohti. S\u00fcltjas koostis lihtsustab toote kasutamist vertikaalpindadel. Liberon v\u00e4rvieemaldaja ei sisalda met\u00fcleenkloriidi ja on kloorivaba.\u00a0Kuna ta on zeleetaoline ehk tiksotroopne aine, v\u00f5ib teda peale kanda isegi vertikaalsetele pindadele. Mitte kasutada p\u00e4ikese k\u00e4es. KASUTUSJUHEND: Doseeri Stripper v\u00e4rvieemaldajat [&hellip;]<\/p>\n","protected":false},"featured_media":69603,"template":"","meta":{"_et_pb_use_builder":"","_et_pb_old_content":"","_et_gb_content_width":""},"product_brand":[],"product_cat":[96,98],"product_tag":[168,924,923,394],"class_list":{"0":"post-737","1":"product","2":"type-product","3":"status-publish","4":"has-post-thumbnail","6":"product_cat-kemikaalid","7":"product_cat-varvieemaldus","8":"product_tag-liberon","9":"product_tag-stripper","10":"product_tag-varvieemaldi","11":"product_tag-varvieemaldus","13":"first","14":"instock","15":"taxable","16":"shipping-taxable","17":"purchasable","18":"product-type-variable"},"_links":{"self":[{"href":"https:\/\/majatohter.ee\/en\/wp-json\/wp\/v2\/product\/737","targetHints":{"allow":["GET"]}}],"collection":[{"href":"https:\/\/majatohter.ee\/en\/wp-json\/wp\/v2\/product"}],"about":[{"href":"https:\/\/majatohter.ee\/en\/wp-json\/wp\/v2\/types\/product"}],"wp:featuredmedia":[{"embeddable":true,"href":"https:\/\/majatohter.ee\/en\/wp-json\/wp\/v2\/media\/69603"}],"wp:attachment":[{"href":"https:\/\/majatohter.ee\/en\/wp-json\/wp\/v2\/media?parent=737"}],"wp:term":[{"taxonomy":"product_brand","embeddable":true,"href":"https:\/\/majatohter.ee\/en\/wp-json\/wp\/v2\/product_brand?post=737"},{"taxonomy":"product_cat","embeddable":true,"href":"https:\/\/majatohter.ee\/en\/wp-json\/wp\/v2\/product_cat?post=737"},{"taxonomy":"product_tag","embeddable":true,"href":"https:\/\/majatohter.ee\/en\/wp-json\/wp\/v2\/product_tag?post=737"}],"curies":[{"name":"wp","href":"https:\/\/api.w.org\/{rel}","templated":true}]}}