{"id":747,"date":"2016-07-14T15:09:09","date_gmt":"2016-07-14T13:09:09","guid":{"rendered":"http:\/\/uus.majatohter.ee\/?post_type=product&#038;p=747"},"modified":"2026-03-19T16:44:15","modified_gmt":"2026-03-19T14:44:15","slug":"uula-sikatiiv","status":"publish","type":"product","link":"https:\/\/majatohter.ee\/en\/tooted\/chemicals\/siccative\/uula-sikatiiv\/","title":{"rendered":"Uula sikatiiv"},"content":{"rendered":"<p>Sikatiiv on valmislahus v\u00e4rvi kuivamise kiirendamiseks, mis sisaldab mangaani-,\u00a0koobalti- ja tsirkooniumi \u00fchendeid ning l\u00f5hnatut s\u00fcsivesinikvedeldit.<\/p>\n<p><strong>Kasutuskohad:<\/strong>\u00a0\u00d5liv\u00e4rvide ja lina\u00f5li baasil puidukaitsevahendite kuivamise kiirendamine.<br \/>\n<strong>Doseerimine:<\/strong>\u00a0Kogus s\u00f5ltub lina\u00f5liv\u00e4rnitsa kogusest ja soovitud tulemusest. Soovitatavalt ei tohi\u00a0sikatiivi lisada rohkem kui 10% lina\u00f5liv\u00e4rnitsa kogusest. Maksimaalne kogus\u00a0valmis \u00f5liv\u00e4rvis on 5% mahust.<br \/>\n<strong>Tihedus:<\/strong>\u00a00,8 kg\/l.<\/p>\n<p><a href=\"http:\/\/majatohter.ee\/wp-content\/uploads\/2016\/07\/Sikatiiiv.pdf\">Infoleht<\/a><\/p>\n","protected":false},"excerpt":{"rendered":"<p>Sikatiiv on valmislahus v\u00e4rvi kuivamise kiirendamiseks, mis sisaldab mangaani-,\u00a0koobalti- ja tsirkooniumi \u00fchendeid ning l\u00f5hnatut s\u00fcsivesinikvedeldit. Kasutuskohad:\u00a0\u00d5liv\u00e4rvide ja lina\u00f5li baasil puidukaitsevahendite kuivamise kiirendamine. Doseerimine:\u00a0Kogus s\u00f5ltub lina\u00f5liv\u00e4rnitsa kogusest ja soovitud tulemusest. Soovitatavalt ei tohi\u00a0sikatiivi lisada rohkem kui 10% lina\u00f5liv\u00e4rnitsa kogusest. Maksimaalne kogus\u00a0valmis \u00f5liv\u00e4rvis on 5% mahust. Tihedus:\u00a00,8 kg\/l. Infoleht<\/p>\n","protected":false},"featured_media":748,"template":"","meta":{"_et_pb_use_builder":"","_et_pb_old_content":"","_et_gb_content_width":""},"product_brand":[],"product_cat":[96,102],"product_tag":[485,183],"class_list":{"0":"post-747","1":"product","2":"type-product","3":"status-publish","4":"has-post-thumbnail","6":"product_cat-kemikaalid","7":"product_cat-sikatiiv","8":"product_tag-sikatiiv","9":"product_tag-uula","11":"first","12":"onbackorder","13":"taxable","14":"shipping-taxable","15":"purchasable","16":"product-type-variable","17":"has-default-attributes"},"_links":{"self":[{"href":"https:\/\/majatohter.ee\/en\/wp-json\/wp\/v2\/product\/747","targetHints":{"allow":["GET"]}}],"collection":[{"href":"https:\/\/majatohter.ee\/en\/wp-json\/wp\/v2\/product"}],"about":[{"href":"https:\/\/majatohter.ee\/en\/wp-json\/wp\/v2\/types\/product"}],"wp:featuredmedia":[{"embeddable":true,"href":"https:\/\/majatohter.ee\/en\/wp-json\/wp\/v2\/media\/748"}],"wp:attachment":[{"href":"https:\/\/majatohter.ee\/en\/wp-json\/wp\/v2\/media?parent=747"}],"wp:term":[{"taxonomy":"product_brand","embeddable":true,"href":"https:\/\/majatohter.ee\/en\/wp-json\/wp\/v2\/product_brand?post=747"},{"taxonomy":"product_cat","embeddable":true,"href":"https:\/\/majatohter.ee\/en\/wp-json\/wp\/v2\/product_cat?post=747"},{"taxonomy":"product_tag","embeddable":true,"href":"https:\/\/majatohter.ee\/en\/wp-json\/wp\/v2\/product_tag?post=747"}],"curies":[{"name":"wp","href":"https:\/\/api.w.org\/{rel}","templated":true}]}}