{"id":749,"date":"2016-07-14T13:12:19","date_gmt":"2016-07-14T11:12:19","guid":{"rendered":"http:\/\/uus.majatohter.ee\/?post_type=product&#038;p=749"},"modified":"2026-01-15T13:42:07","modified_gmt":"2026-01-15T11:42:07","slug":"hari-kuurimis","status":"publish","type":"product","link":"https:\/\/majatohter.ee\/en\/tooted\/tools\/brushes\/hari-kuurimis\/","title":{"rendered":"Hari, k\u00fc\u00fcrimis"},"content":{"rendered":"<p>Tugevate harjastega k\u00fc\u00fcrimishari.<\/p>\n","protected":false},"excerpt":{"rendered":"<p>Tugevate harjastega k\u00fc\u00fcrimishari.<\/p>\n","protected":false},"featured_media":68723,"template":"","meta":{"_et_pb_use_builder":"","_et_pb_old_content":"","_et_gb_content_width":""},"product_brand":[],"product_cat":[93,86],"product_tag":[710,2376],"class_list":{"0":"post-749","1":"product","2":"type-product","3":"status-publish","4":"has-post-thumbnail","6":"product_cat-harjad","7":"product_cat-tooriistad","8":"product_tag-hari","9":"product_tag-kuurimishari","11":"first","12":"instock","13":"taxable","14":"shipping-taxable","15":"purchasable","16":"product-type-simple"},"_links":{"self":[{"href":"https:\/\/majatohter.ee\/en\/wp-json\/wp\/v2\/product\/749","targetHints":{"allow":["GET"]}}],"collection":[{"href":"https:\/\/majatohter.ee\/en\/wp-json\/wp\/v2\/product"}],"about":[{"href":"https:\/\/majatohter.ee\/en\/wp-json\/wp\/v2\/types\/product"}],"wp:featuredmedia":[{"embeddable":true,"href":"https:\/\/majatohter.ee\/en\/wp-json\/wp\/v2\/media\/68723"}],"wp:attachment":[{"href":"https:\/\/majatohter.ee\/en\/wp-json\/wp\/v2\/media?parent=749"}],"wp:term":[{"taxonomy":"product_brand","embeddable":true,"href":"https:\/\/majatohter.ee\/en\/wp-json\/wp\/v2\/product_brand?post=749"},{"taxonomy":"product_cat","embeddable":true,"href":"https:\/\/majatohter.ee\/en\/wp-json\/wp\/v2\/product_cat?post=749"},{"taxonomy":"product_tag","embeddable":true,"href":"https:\/\/majatohter.ee\/en\/wp-json\/wp\/v2\/product_tag?post=749"}],"curies":[{"name":"wp","href":"https:\/\/api.w.org\/{rel}","templated":true}]}}