{"id":757,"date":"2016-07-14T15:29:32","date_gmt":"2016-07-14T13:29:32","guid":{"rendered":"http:\/\/uus.majatohter.ee\/?post_type=product&#038;p=757"},"modified":"2026-03-19T18:44:46","modified_gmt":"2026-03-19T16:44:46","slug":"konksnoel","status":"publish","type":"product","link":"https:\/\/majatohter.ee\/en\/tooted\/furniture-restoration\/needles\/konksnoel\/","title":{"rendered":"Konksn\u00f5el"},"content":{"rendered":"<p><span id=\"result_box\" lang=\"et\"><span class=\"hps\">Konksn\u00f5elu\u00a0on saadaval<\/span> <span class=\"hps\">erinevates suurustes<\/span> <span class=\"hps\">ja erinevates<\/span>\u00a0paksustes<span class=\"hps\">.<\/span><\/span><\/p>\n<p><span lang=\"et\"><span class=\"hps\">Esimene<\/span> <span class=\"hps\">number<\/span> <span class=\"hps\">n\u00e4itab<\/span><span class=\"hps\"> n\u00f5ela suurust, mida <\/span>suurem <span class=\"hps\">number, seda<\/span>\u00a0<span class=\"hps\">suurem n\u00f5el<\/span>.<br \/>\n<span class=\"hps\">Teine<\/span> <span class=\"hps\">number<\/span> <span class=\"hps\">n\u00e4itab n\u00f5ela paksust, mida <\/span>suurem <span class=\"hps\">number, seda<\/span> <span class=\"hps\">peenem<\/span> <span class=\"hps\">n\u00f5el<\/span>.<\/span><\/p>\n<p>&nbsp;<\/p>\n","protected":false},"excerpt":{"rendered":"<p>Konksn\u00f5elu\u00a0on saadaval erinevates suurustes ja erinevates\u00a0paksustes. Esimene number n\u00e4itab n\u00f5ela suurust, mida suurem number, seda\u00a0suurem n\u00f5el. Teine number n\u00e4itab n\u00f5ela paksust, mida suurem number, seda peenem n\u00f5el. &nbsp;<\/p>\n","protected":false},"featured_media":68284,"template":"","meta":{"_et_pb_use_builder":"","_et_pb_old_content":"","_et_gb_content_width":""},"product_brand":[],"product_cat":[113,115],"product_tag":[1071,1063,2326],"class_list":{"0":"post-757","1":"product","2":"type-product","3":"status-publish","4":"has-post-thumbnail","6":"product_cat-mooblirestauraatorile","7":"product_cat-noelad","8":"product_tag-konksnoel","9":"product_tag-noel","10":"product_tag-sadulsepatoo","12":"first","13":"instock","14":"taxable","15":"shipping-taxable","16":"purchasable","17":"product-type-variable"},"_links":{"self":[{"href":"https:\/\/majatohter.ee\/en\/wp-json\/wp\/v2\/product\/757","targetHints":{"allow":["GET"]}}],"collection":[{"href":"https:\/\/majatohter.ee\/en\/wp-json\/wp\/v2\/product"}],"about":[{"href":"https:\/\/majatohter.ee\/en\/wp-json\/wp\/v2\/types\/product"}],"wp:featuredmedia":[{"embeddable":true,"href":"https:\/\/majatohter.ee\/en\/wp-json\/wp\/v2\/media\/68284"}],"wp:attachment":[{"href":"https:\/\/majatohter.ee\/en\/wp-json\/wp\/v2\/media?parent=757"}],"wp:term":[{"taxonomy":"product_brand","embeddable":true,"href":"https:\/\/majatohter.ee\/en\/wp-json\/wp\/v2\/product_brand?post=757"},{"taxonomy":"product_cat","embeddable":true,"href":"https:\/\/majatohter.ee\/en\/wp-json\/wp\/v2\/product_cat?post=757"},{"taxonomy":"product_tag","embeddable":true,"href":"https:\/\/majatohter.ee\/en\/wp-json\/wp\/v2\/product_tag?post=757"}],"curies":[{"name":"wp","href":"https:\/\/api.w.org\/{rel}","templated":true}]}}