{"id":763,"date":"2016-07-14T13:34:46","date_gmt":"2016-07-14T13:34:46","guid":{"rendered":"http:\/\/uus.majatohter.ee\/?post_type=product&#038;p=763"},"modified":"2026-04-06T17:42:18","modified_gmt":"2026-04-06T15:42:18","slug":"sadulavoo-dzuudist","status":"publish","type":"product","link":"https:\/\/majatohter.ee\/en\/tooted\/furniture-restoration\/tools-accessories\/sadulavoo-dzuudist\/","title":{"rendered":"Sadulav\u00f6\u00f6 d\u017euudist"},"content":{"rendered":"<p>Tugev jutekiust v\u00f6\u00f6. Kasutatakse tavaliselt m\u00f6\u00f6bli valmistamisel. Aga kindlasti sobib see ka m\u00f5neks muuks otstarbeks.<\/p>\n","protected":false},"excerpt":{"rendered":"<p>M\u00fc\u00fcgil meetri kaupa v\u00f5i terve rullina (60m).<br \/>\nTerve rulli ostmiseks sisesta koguseks 60.<\/p>\n","protected":false},"featured_media":68237,"template":"","meta":{"_et_pb_use_builder":"","_et_pb_old_content":"","_et_gb_content_width":""},"product_brand":[],"product_cat":[113,116],"product_tag":[939,859],"class_list":{"0":"post-763","1":"product","2":"type-product","3":"status-publish","4":"has-post-thumbnail","6":"product_cat-mooblirestauraatorile","7":"product_cat-tarvikud","8":"product_tag-moobli-restaureerimine","9":"product_tag-sadulavoo","11":"first","12":"outofstock","13":"taxable","14":"shipping-taxable","15":"purchasable","16":"product-type-variable"},"_links":{"self":[{"href":"https:\/\/majatohter.ee\/en\/wp-json\/wp\/v2\/product\/763","targetHints":{"allow":["GET"]}}],"collection":[{"href":"https:\/\/majatohter.ee\/en\/wp-json\/wp\/v2\/product"}],"about":[{"href":"https:\/\/majatohter.ee\/en\/wp-json\/wp\/v2\/types\/product"}],"wp:featuredmedia":[{"embeddable":true,"href":"https:\/\/majatohter.ee\/en\/wp-json\/wp\/v2\/media\/68237"}],"wp:attachment":[{"href":"https:\/\/majatohter.ee\/en\/wp-json\/wp\/v2\/media?parent=763"}],"wp:term":[{"taxonomy":"product_brand","embeddable":true,"href":"https:\/\/majatohter.ee\/en\/wp-json\/wp\/v2\/product_brand?post=763"},{"taxonomy":"product_cat","embeddable":true,"href":"https:\/\/majatohter.ee\/en\/wp-json\/wp\/v2\/product_cat?post=763"},{"taxonomy":"product_tag","embeddable":true,"href":"https:\/\/majatohter.ee\/en\/wp-json\/wp\/v2\/product_tag?post=763"}],"curies":[{"name":"wp","href":"https:\/\/api.w.org\/{rel}","templated":true}]}}