{"id":767,"date":"2016-07-14T15:38:29","date_gmt":"2016-07-14T13:38:29","guid":{"rendered":"http:\/\/uus.majatohter.ee\/?post_type=product&#038;p=767"},"modified":"2025-11-29T00:15:38","modified_gmt":"2025-11-28T22:15:38","slug":"dekoratiivnael-lill-50tk","status":"publish","type":"product","link":"https:\/\/majatohter.ee\/en\/tooted\/furniture-restoration\/decorative-pins\/dekoratiivnael-lill-50tk\/","title":{"rendered":"Dekoratiivnael, lill 548W 50tk"},"content":{"rendered":"<p>Pronksikarva lillekujuline dekoratiivnael.<br \/>\nNaelapea l\u00e4bim\u00f5\u00f5t 12\u00a0mm<br \/>\nPakis 50tk<\/p>\n","protected":false},"excerpt":{"rendered":"<p>Pronksikarva lillekujuline dekoratiivnael. Naelapea l\u00e4bim\u00f5\u00f5t 12\u00a0mm Pakis 50tk<\/p>\n","protected":false},"featured_media":768,"template":"","meta":{"_et_pb_use_builder":"","_et_pb_old_content":"","_et_gb_content_width":""},"product_brand":[],"product_cat":[113,117],"product_tag":[1036,1037,1038],"class_list":{"0":"post-767","1":"product","2":"type-product","3":"status-publish","4":"has-post-thumbnail","6":"product_cat-mooblirestauraatorile","7":"product_cat-naelad","8":"product_tag-dekoratiivnael","9":"product_tag-ilunael","10":"product_tag-mooblinael","12":"first","13":"onbackorder","14":"taxable","15":"shipping-taxable","16":"purchasable","17":"product-type-simple"},"_links":{"self":[{"href":"https:\/\/majatohter.ee\/en\/wp-json\/wp\/v2\/product\/767","targetHints":{"allow":["GET"]}}],"collection":[{"href":"https:\/\/majatohter.ee\/en\/wp-json\/wp\/v2\/product"}],"about":[{"href":"https:\/\/majatohter.ee\/en\/wp-json\/wp\/v2\/types\/product"}],"wp:featuredmedia":[{"embeddable":true,"href":"https:\/\/majatohter.ee\/en\/wp-json\/wp\/v2\/media\/768"}],"wp:attachment":[{"href":"https:\/\/majatohter.ee\/en\/wp-json\/wp\/v2\/media?parent=767"}],"wp:term":[{"taxonomy":"product_brand","embeddable":true,"href":"https:\/\/majatohter.ee\/en\/wp-json\/wp\/v2\/product_brand?post=767"},{"taxonomy":"product_cat","embeddable":true,"href":"https:\/\/majatohter.ee\/en\/wp-json\/wp\/v2\/product_cat?post=767"},{"taxonomy":"product_tag","embeddable":true,"href":"https:\/\/majatohter.ee\/en\/wp-json\/wp\/v2\/product_tag?post=767"}],"curies":[{"name":"wp","href":"https:\/\/api.w.org\/{rel}","templated":true}]}}