{"id":779,"date":"2016-07-14T15:53:17","date_gmt":"2016-07-14T13:53:17","guid":{"rendered":"http:\/\/uus.majatohter.ee\/?post_type=product&#038;p=779"},"modified":"2023-02-22T10:15:20","modified_gmt":"2023-02-22T08:15:20","slug":"kasetohuplaat","status":"publish","type":"product","link":"https:\/\/majatohter.ee\/en\/tooted\/decorative\/interior-decoration-panels\/kasetohuplaat\/","title":{"rendered":"Kasetohuplaat"},"content":{"rendered":"<p>Dekoratiivne plaat kasutamiseks sisetingimustes. Kuna kasetohu muster on kordumatu, siis on ka iga plaat erinev.<\/p>\n<p><span style=\"text-decoration: underline;\">Seinakatteplaat 9mm vineeralusel<\/span><br \/>\nPlaat on tapiga<br \/>\nM\u00f5\u00f5dud: 600 \u00a0x 600 mm<br \/>\nKasulik pind: 595 x 595 mm<\/p>\n<p>M\u00e4rgades ruumides ja v\u00e4listingimustes ei soovitata plaate ilma t\u00e4iendava t\u00f6\u00f6tluseta kasutada. Tohu eba\u00fchtluse t\u00f5ttu v\u00f5ib plaatide paksus m\u00f5ne mm ulatuses k\u00f5ikuda.<\/p>\n","protected":false},"excerpt":{"rendered":"<p>Saadaval ette tellides.<\/p>\n","protected":false},"featured_media":780,"template":"","meta":{"_et_pb_use_builder":"","_et_pb_old_content":"","_et_gb_content_width":""},"product_brand":[],"product_cat":[120,122],"product_tag":[1045,1046,1047],"class_list":{"0":"post-779","1":"product","2":"type-product","3":"status-publish","4":"has-post-thumbnail","6":"product_cat-dekoratiiv","7":"product_cat-siseviimistlusplaadid","8":"product_tag-kasetoht","9":"product_tag-tohuplaat","10":"product_tag-viimistlusplaat","12":"first","13":"instock","14":"featured","15":"taxable","16":"shipping-taxable","17":"purchasable","18":"product-type-simple"},"_links":{"self":[{"href":"https:\/\/majatohter.ee\/en\/wp-json\/wp\/v2\/product\/779","targetHints":{"allow":["GET"]}}],"collection":[{"href":"https:\/\/majatohter.ee\/en\/wp-json\/wp\/v2\/product"}],"about":[{"href":"https:\/\/majatohter.ee\/en\/wp-json\/wp\/v2\/types\/product"}],"wp:featuredmedia":[{"embeddable":true,"href":"https:\/\/majatohter.ee\/en\/wp-json\/wp\/v2\/media\/780"}],"wp:attachment":[{"href":"https:\/\/majatohter.ee\/en\/wp-json\/wp\/v2\/media?parent=779"}],"wp:term":[{"taxonomy":"product_brand","embeddable":true,"href":"https:\/\/majatohter.ee\/en\/wp-json\/wp\/v2\/product_brand?post=779"},{"taxonomy":"product_cat","embeddable":true,"href":"https:\/\/majatohter.ee\/en\/wp-json\/wp\/v2\/product_cat?post=779"},{"taxonomy":"product_tag","embeddable":true,"href":"https:\/\/majatohter.ee\/en\/wp-json\/wp\/v2\/product_tag?post=779"}],"curies":[{"name":"wp","href":"https:\/\/api.w.org\/{rel}","templated":true}]}}