{"id":781,"date":"2016-07-14T13:54:59","date_gmt":"2016-07-14T13:54:59","guid":{"rendered":"http:\/\/uus.majatohter.ee\/?post_type=product&#038;p=781"},"modified":"2024-07-31T08:58:34","modified_gmt":"2024-07-31T06:58:34","slug":"emailitud-silt-ovaalne-225-x-170mm","status":"publish","type":"product","link":"https:\/\/majatohter.ee\/en\/tooted\/decorative\/enameled-signs\/emailitud-silt-ovaalne-225-x-170mm\/","title":{"rendered":"Emailitud silt, ovaalne, 225 x 170mm"},"content":{"rendered":"<p>Emailitud majanumbri silt. Ovaalne, kergelt kumera vormiga.<\/p>\n<p>Tagak\u00fclg kruntv\u00e4rvitud.<br \/>\nPaigaldamisel tuleb olla kruvide survega ettevaatlik!<\/p>\n<p>V\u00f5imalik on tellida ka eri v\u00e4rvikombinatsioonidega, selleks saada meile soov info@majatohter.ee<br \/>\nAllpool oleval fotol on n\u00e4ha toonid mida saab kasutada.<\/p>\n<p><img loading=\"lazy\" decoding=\"async\" class=\"alignnone size-medium wp-image-165158\" src=\"https:\/\/majatohter.ee\/wp-content\/uploads\/emaili-toonid-300x179.jpg\" alt=\"emaili toonid\" width=\"300\" height=\"179\" \/><\/p>\n","protected":false},"excerpt":{"rendered":"<p>Saadaval tellimise peale!<br \/>\nKuna emailimist tehakse korra kuus, siis v\u00f5ib tarne v\u00f5tta aega kuni \u00fcks kuu (s\u00f5ltuvalt sellest, mis hetkele tellimus satub).<\/p>\n","protected":false},"featured_media":165156,"template":"","meta":{"_et_pb_use_builder":"","_et_pb_old_content":"","_et_gb_content_width":""},"product_brand":[],"product_cat":[120,123],"product_tag":[1289,1290],"class_list":{"0":"post-781","1":"product","2":"type-product","3":"status-publish","4":"has-post-thumbnail","6":"product_cat-dekoratiiv","7":"product_cat-sildid","8":"product_tag-emailsilt","9":"product_tag-majanumber","11":"first","12":"instock","13":"taxable","14":"shipping-taxable","15":"purchasable","16":"product-type-variable","17":"has-default-attributes"},"_links":{"self":[{"href":"https:\/\/majatohter.ee\/en\/wp-json\/wp\/v2\/product\/781","targetHints":{"allow":["GET"]}}],"collection":[{"href":"https:\/\/majatohter.ee\/en\/wp-json\/wp\/v2\/product"}],"about":[{"href":"https:\/\/majatohter.ee\/en\/wp-json\/wp\/v2\/types\/product"}],"wp:featuredmedia":[{"embeddable":true,"href":"https:\/\/majatohter.ee\/en\/wp-json\/wp\/v2\/media\/165156"}],"wp:attachment":[{"href":"https:\/\/majatohter.ee\/en\/wp-json\/wp\/v2\/media?parent=781"}],"wp:term":[{"taxonomy":"product_brand","embeddable":true,"href":"https:\/\/majatohter.ee\/en\/wp-json\/wp\/v2\/product_brand?post=781"},{"taxonomy":"product_cat","embeddable":true,"href":"https:\/\/majatohter.ee\/en\/wp-json\/wp\/v2\/product_cat?post=781"},{"taxonomy":"product_tag","embeddable":true,"href":"https:\/\/majatohter.ee\/en\/wp-json\/wp\/v2\/product_tag?post=781"}],"curies":[{"name":"wp","href":"https:\/\/api.w.org\/{rel}","templated":true}]}}