{"id":783,"date":"2016-07-14T13:57:55","date_gmt":"2016-07-14T13:57:55","guid":{"rendered":"http:\/\/uus.majatohter.ee\/?post_type=product&#038;p=783"},"modified":"2026-01-22T20:42:02","modified_gmt":"2026-01-22T18:42:02","slug":"emailitud-silt-ovaalne-40-x-60mm","status":"publish","type":"product","link":"https:\/\/majatohter.ee\/en\/tooted\/decorative\/enameled-signs\/emailitud-silt-ovaalne-40-x-60mm\/","title":{"rendered":"Emailitud silt, ovaalne, 40 x 60mm"},"content":{"rendered":"<p>V\u00e4ike ovaalne kumer emailitud silt, tagak\u00fclg kruntv\u00e4rvitud.<br \/>\nV\u00f5imalik tellida sobiva numbriga silt.<\/p>\n<p>Paigaldamisel tuleb olla kruvide survega ettevaatlik!<\/p>\n","protected":false},"excerpt":{"rendered":"<p>V\u00e4ike ovaalne kumer emailitud silt, tagak\u00fclg kruntv\u00e4rvitud. V\u00f5imalik tellida sobiva numbriga silt. Paigaldamisel tuleb olla kruvide survega ettevaatlik!<\/p>\n","protected":false},"featured_media":159948,"template":"","meta":{"_et_pb_use_builder":"","_et_pb_old_content":"","_et_gb_content_width":""},"product_brand":[],"product_cat":[120,123],"product_tag":[],"class_list":{"0":"post-783","1":"product","2":"type-product","3":"status-publish","4":"has-post-thumbnail","6":"product_cat-dekoratiiv","7":"product_cat-sildid","9":"first","10":"instock","11":"taxable","12":"shipping-taxable","13":"purchasable","14":"product-type-simple"},"_links":{"self":[{"href":"https:\/\/majatohter.ee\/en\/wp-json\/wp\/v2\/product\/783","targetHints":{"allow":["GET"]}}],"collection":[{"href":"https:\/\/majatohter.ee\/en\/wp-json\/wp\/v2\/product"}],"about":[{"href":"https:\/\/majatohter.ee\/en\/wp-json\/wp\/v2\/types\/product"}],"wp:featuredmedia":[{"embeddable":true,"href":"https:\/\/majatohter.ee\/en\/wp-json\/wp\/v2\/media\/159948"}],"wp:attachment":[{"href":"https:\/\/majatohter.ee\/en\/wp-json\/wp\/v2\/media?parent=783"}],"wp:term":[{"taxonomy":"product_brand","embeddable":true,"href":"https:\/\/majatohter.ee\/en\/wp-json\/wp\/v2\/product_brand?post=783"},{"taxonomy":"product_cat","embeddable":true,"href":"https:\/\/majatohter.ee\/en\/wp-json\/wp\/v2\/product_cat?post=783"},{"taxonomy":"product_tag","embeddable":true,"href":"https:\/\/majatohter.ee\/en\/wp-json\/wp\/v2\/product_tag?post=783"}],"curies":[{"name":"wp","href":"https:\/\/api.w.org\/{rel}","templated":true}]}}