{"id":785,"date":"2016-07-14T13:59:10","date_gmt":"2016-07-14T13:59:10","guid":{"rendered":"http:\/\/uus.majatohter.ee\/?post_type=product&#038;p=785"},"modified":"2023-01-31T13:50:07","modified_gmt":"2023-01-31T11:50:07","slug":"emailitud-silt-40-x-100mm","status":"publish","type":"product","link":"https:\/\/majatohter.ee\/en\/tooted\/decorative\/enameled-signs\/emailitud-silt-40-x-100mm\/","title":{"rendered":"Emailitud silt, 40 x 100mm"},"content":{"rendered":"<p>Emailitud silt, ristk\u00fcliku kujuline.<br \/>\nV\u00f5imalik tellida enda valitud tekstiga silt.<\/p>\n<p>NB! Emailimine toimub kord kuus, seega on tarneaeg 1-4 n\u00e4dalat, s\u00f5ltuvalt tellimise hetkest.<\/p>\n<p>Paigaldamisel tuleb olla kruvide survega ettevaatlik!<\/p>\n","protected":false},"excerpt":{"rendered":"<p>Emailitud silt, ristk\u00fcliku kujuline. V\u00f5imalik tellida enda valitud tekstiga silt. NB! Emailimine toimub kord kuus, seega on tarneaeg 1-4 n\u00e4dalat, s\u00f5ltuvalt tellimise hetkest. Paigaldamisel tuleb olla kruvide survega ettevaatlik!<\/p>\n","protected":false},"featured_media":786,"template":"","meta":{"_et_pb_use_builder":"","_et_pb_old_content":"","_et_gb_content_width":""},"product_brand":[],"product_cat":[120,123],"product_tag":[2554,1289,1290,2555],"class_list":{"0":"post-785","1":"product","2":"type-product","3":"status-publish","4":"has-post-thumbnail","6":"product_cat-dekoratiiv","7":"product_cat-sildid","8":"product_tag-emailitud-silt","9":"product_tag-emailsilt","10":"product_tag-majanumber","11":"product_tag-postkastisilt","13":"first","14":"instock","15":"taxable","16":"shipping-taxable","17":"purchasable","18":"product-type-variable"},"_links":{"self":[{"href":"https:\/\/majatohter.ee\/en\/wp-json\/wp\/v2\/product\/785","targetHints":{"allow":["GET"]}}],"collection":[{"href":"https:\/\/majatohter.ee\/en\/wp-json\/wp\/v2\/product"}],"about":[{"href":"https:\/\/majatohter.ee\/en\/wp-json\/wp\/v2\/types\/product"}],"wp:featuredmedia":[{"embeddable":true,"href":"https:\/\/majatohter.ee\/en\/wp-json\/wp\/v2\/media\/786"}],"wp:attachment":[{"href":"https:\/\/majatohter.ee\/en\/wp-json\/wp\/v2\/media?parent=785"}],"wp:term":[{"taxonomy":"product_brand","embeddable":true,"href":"https:\/\/majatohter.ee\/en\/wp-json\/wp\/v2\/product_brand?post=785"},{"taxonomy":"product_cat","embeddable":true,"href":"https:\/\/majatohter.ee\/en\/wp-json\/wp\/v2\/product_cat?post=785"},{"taxonomy":"product_tag","embeddable":true,"href":"https:\/\/majatohter.ee\/en\/wp-json\/wp\/v2\/product_tag?post=785"}],"curies":[{"name":"wp","href":"https:\/\/api.w.org\/{rel}","templated":true}]}}