{"id":787,"date":"2016-07-14T14:02:32","date_gmt":"2016-07-14T12:02:32","guid":{"rendered":"http:\/\/uus.majatohter.ee\/?post_type=product&#038;p=787"},"modified":"2026-01-07T19:43:33","modified_gmt":"2026-01-07T17:43:33","slug":"vedrusidumisnoor","status":"publish","type":"product","link":"https:\/\/majatohter.ee\/en\/tooted\/furniture-restoration\/fabrics-materials\/vedrusidumisnoor\/","title":{"rendered":"Vedrusidumisn\u00f6\u00f6r kanepist, p\u00f5hja osale, Extra prima"},"content":{"rendered":"<p>Tugev kanepist n\u00f6\u00f6r pehme m\u00f6\u00f6bli p\u00f5hja vedrude sidumiseks. Ca 500g rullis.<\/p>\n","protected":false},"excerpt":{"rendered":"<p>Tugev kanepist n\u00f6\u00f6r pehme m\u00f6\u00f6bli p\u00f5hja vedrude sidumiseks. Ca 500g rullis.<\/p>\n","protected":false},"featured_media":68192,"template":"","meta":{"_et_pb_use_builder":"","_et_pb_old_content":"","_et_gb_content_width":""},"product_brand":[],"product_cat":[120,114,124,113,116],"product_tag":[1371,1175],"class_list":{"0":"post-787","1":"product","2":"type-product","3":"status-publish","4":"has-post-thumbnail","6":"product_cat-dekoratiiv","7":"product_cat-kangad","8":"product_cat-koied","9":"product_cat-mooblirestauraatorile","10":"product_cat-tarvikud","11":"product_tag-pehme-moobel","12":"product_tag-vedrusidumisnoor","14":"first","15":"onbackorder","16":"taxable","17":"shipping-taxable","18":"purchasable","19":"product-type-simple"},"_links":{"self":[{"href":"https:\/\/majatohter.ee\/en\/wp-json\/wp\/v2\/product\/787","targetHints":{"allow":["GET"]}}],"collection":[{"href":"https:\/\/majatohter.ee\/en\/wp-json\/wp\/v2\/product"}],"about":[{"href":"https:\/\/majatohter.ee\/en\/wp-json\/wp\/v2\/types\/product"}],"wp:featuredmedia":[{"embeddable":true,"href":"https:\/\/majatohter.ee\/en\/wp-json\/wp\/v2\/media\/68192"}],"wp:attachment":[{"href":"https:\/\/majatohter.ee\/en\/wp-json\/wp\/v2\/media?parent=787"}],"wp:term":[{"taxonomy":"product_brand","embeddable":true,"href":"https:\/\/majatohter.ee\/en\/wp-json\/wp\/v2\/product_brand?post=787"},{"taxonomy":"product_cat","embeddable":true,"href":"https:\/\/majatohter.ee\/en\/wp-json\/wp\/v2\/product_cat?post=787"},{"taxonomy":"product_tag","embeddable":true,"href":"https:\/\/majatohter.ee\/en\/wp-json\/wp\/v2\/product_tag?post=787"}],"curies":[{"name":"wp","href":"https:\/\/api.w.org\/{rel}","templated":true}]}}