{"id":789,"date":"2016-07-14T14:02:56","date_gmt":"2016-07-14T12:02:56","guid":{"rendered":"http:\/\/uus.majatohter.ee\/tooted\/mooblirestauraatorile\/kandiomblemisnoor-linast-5-kordne\/"},"modified":"2026-04-06T17:42:13","modified_gmt":"2026-04-06T15:42:13","slug":"kandiomblemisnoor-linane-5-kordne","status":"publish","type":"product","link":"https:\/\/majatohter.ee\/en\/tooted\/furniture-restoration\/fabrics-materials\/kandiomblemisnoor-linane-5-kordne\/","title":{"rendered":"Kandi\u00f5mblemisn\u00f6\u00f6r linane, 5 kordne"},"content":{"rendered":"<p>Linane n\u00f6\u00f6r k\u00e4sitsi \u00f5mblemiseks.<\/p>\n<p>100% linane, 5-keeret, poleeritud, 180-200g rullis.<\/p>\n","protected":false},"excerpt":{"rendered":"<p>Linane n\u00f6\u00f6r k\u00e4sitsi \u00f5mblemiseks. 100% linane, 5-keeret, poleeritud, 180-200g rullis.<\/p>\n","protected":false},"featured_media":68200,"template":"","meta":{"_et_pb_use_builder":"","_et_pb_old_content":"","_et_gb_content_width":""},"product_brand":[],"product_cat":[120,114,124,113,116],"product_tag":[1370,1371,2326],"class_list":{"0":"post-789","1":"product","2":"type-product","3":"status-publish","4":"has-post-thumbnail","6":"product_cat-dekoratiiv","7":"product_cat-kangad","8":"product_cat-koied","9":"product_cat-mooblirestauraatorile","10":"product_cat-tarvikud","11":"product_tag-kandiomblemisnoor","12":"product_tag-pehme-moobel","13":"product_tag-sadulsepatoo","15":"first","16":"onbackorder","17":"taxable","18":"shipping-taxable","19":"purchasable","20":"product-type-simple"},"_links":{"self":[{"href":"https:\/\/majatohter.ee\/en\/wp-json\/wp\/v2\/product\/789","targetHints":{"allow":["GET"]}}],"collection":[{"href":"https:\/\/majatohter.ee\/en\/wp-json\/wp\/v2\/product"}],"about":[{"href":"https:\/\/majatohter.ee\/en\/wp-json\/wp\/v2\/types\/product"}],"wp:featuredmedia":[{"embeddable":true,"href":"https:\/\/majatohter.ee\/en\/wp-json\/wp\/v2\/media\/68200"}],"wp:attachment":[{"href":"https:\/\/majatohter.ee\/en\/wp-json\/wp\/v2\/media?parent=789"}],"wp:term":[{"taxonomy":"product_brand","embeddable":true,"href":"https:\/\/majatohter.ee\/en\/wp-json\/wp\/v2\/product_brand?post=789"},{"taxonomy":"product_cat","embeddable":true,"href":"https:\/\/majatohter.ee\/en\/wp-json\/wp\/v2\/product_cat?post=789"},{"taxonomy":"product_tag","embeddable":true,"href":"https:\/\/majatohter.ee\/en\/wp-json\/wp\/v2\/product_tag?post=789"}],"curies":[{"name":"wp","href":"https:\/\/api.w.org\/{rel}","templated":true}]}}