{"id":791,"date":"2016-07-14T16:05:47","date_gmt":"2016-07-14T14:05:47","guid":{"rendered":"http:\/\/uus.majatohter.ee\/tooted\/mooblirestauraatorile\/vedrusidumisnoor-kanepist-seljaosale-peenem\/"},"modified":"2026-03-19T18:43:45","modified_gmt":"2026-03-19T16:43:45","slug":"vedrusidumisnoor-kanepist-seljaosale-peenem","status":"publish","type":"product","link":"https:\/\/majatohter.ee\/en\/tooted\/furniture-restoration\/fabrics-materials\/vedrusidumisnoor-kanepist-seljaosale-peenem\/","title":{"rendered":"Vedrusidumisn\u00f6\u00f6r kanepist, seljaosale, peenem"},"content":{"rendered":"<p>Kanepist n\u00f6\u00f6r pehme m\u00f6\u00f6bli vedrude sidumiseks seljaosa puhul. Ca 500g rullis<\/p>\n","protected":false},"excerpt":{"rendered":"<p>Kanepist n\u00f6\u00f6r pehme m\u00f6\u00f6bli vedrude sidumiseks seljaosa puhul. Ca 500g rullis<\/p>\n","protected":false},"featured_media":68197,"template":"","meta":{"_et_pb_use_builder":"","_et_pb_old_content":"","_et_gb_content_width":""},"product_brand":[],"product_cat":[120,114,124,113,116],"product_tag":[939,1371,2326,1175],"class_list":{"0":"post-791","1":"product","2":"type-product","3":"status-publish","4":"has-post-thumbnail","6":"product_cat-dekoratiiv","7":"product_cat-kangad","8":"product_cat-koied","9":"product_cat-mooblirestauraatorile","10":"product_cat-tarvikud","11":"product_tag-moobli-restaureerimine","12":"product_tag-pehme-moobel","13":"product_tag-sadulsepatoo","14":"product_tag-vedrusidumisnoor","16":"first","17":"onbackorder","18":"taxable","19":"shipping-taxable","20":"purchasable","21":"product-type-simple"},"_links":{"self":[{"href":"https:\/\/majatohter.ee\/en\/wp-json\/wp\/v2\/product\/791","targetHints":{"allow":["GET"]}}],"collection":[{"href":"https:\/\/majatohter.ee\/en\/wp-json\/wp\/v2\/product"}],"about":[{"href":"https:\/\/majatohter.ee\/en\/wp-json\/wp\/v2\/types\/product"}],"wp:featuredmedia":[{"embeddable":true,"href":"https:\/\/majatohter.ee\/en\/wp-json\/wp\/v2\/media\/68197"}],"wp:attachment":[{"href":"https:\/\/majatohter.ee\/en\/wp-json\/wp\/v2\/media?parent=791"}],"wp:term":[{"taxonomy":"product_brand","embeddable":true,"href":"https:\/\/majatohter.ee\/en\/wp-json\/wp\/v2\/product_brand?post=791"},{"taxonomy":"product_cat","embeddable":true,"href":"https:\/\/majatohter.ee\/en\/wp-json\/wp\/v2\/product_cat?post=791"},{"taxonomy":"product_tag","embeddable":true,"href":"https:\/\/majatohter.ee\/en\/wp-json\/wp\/v2\/product_tag?post=791"}],"curies":[{"name":"wp","href":"https:\/\/api.w.org\/{rel}","templated":true}]}}