{"id":805,"date":"2016-07-14T16:20:56","date_gmt":"2016-07-14T14:20:56","guid":{"rendered":"http:\/\/uus.majatohter.ee\/tooted\/furnituur\/aknapoor-part\/"},"modified":"2026-03-16T18:42:00","modified_gmt":"2026-03-16T16:42:00","slug":"aknapoor-part","status":"publish","type":"product","link":"https:\/\/majatohter.ee\/en\/tooted\/furniture\/sulgurid-en\/aknapoor-part\/","title":{"rendered":"Aknap\u00f6\u00f6r part, malm, hele"},"content":{"rendered":"<p>Pisike aknap\u00f6\u00f6r tasaraamile.<br \/>\nKogupikkus\u00a0 31 mm.<br \/>\nMalmist, tsink-alumiiniumpulberv\u00e4rvitud<\/p>\n","protected":false},"excerpt":{"rendered":"<p>Pisike aknap\u00f6\u00f6r tasaraamile. Kogupikkus\u00a0 31 mm. Malmist, tsink-alumiiniumpulberv\u00e4rvitud<\/p>\n","protected":false},"featured_media":159189,"template":"","meta":{"_et_pb_use_builder":"","_et_pb_old_content":"","_et_gb_content_width":""},"product_brand":[],"product_cat":[132,136],"product_tag":[933,1179],"class_list":{"0":"post-805","1":"product","2":"type-product","3":"status-publish","4":"has-post-thumbnail","6":"product_cat-furnituur","7":"product_cat-sulgurid","8":"product_tag-aknapoor","9":"product_tag-sulgur","11":"first","12":"instock","13":"taxable","14":"shipping-taxable","15":"purchasable","16":"product-type-simple"},"_links":{"self":[{"href":"https:\/\/majatohter.ee\/en\/wp-json\/wp\/v2\/product\/805","targetHints":{"allow":["GET"]}}],"collection":[{"href":"https:\/\/majatohter.ee\/en\/wp-json\/wp\/v2\/product"}],"about":[{"href":"https:\/\/majatohter.ee\/en\/wp-json\/wp\/v2\/types\/product"}],"wp:featuredmedia":[{"embeddable":true,"href":"https:\/\/majatohter.ee\/en\/wp-json\/wp\/v2\/media\/159189"}],"wp:attachment":[{"href":"https:\/\/majatohter.ee\/en\/wp-json\/wp\/v2\/media?parent=805"}],"wp:term":[{"taxonomy":"product_brand","embeddable":true,"href":"https:\/\/majatohter.ee\/en\/wp-json\/wp\/v2\/product_brand?post=805"},{"taxonomy":"product_cat","embeddable":true,"href":"https:\/\/majatohter.ee\/en\/wp-json\/wp\/v2\/product_cat?post=805"},{"taxonomy":"product_tag","embeddable":true,"href":"https:\/\/majatohter.ee\/en\/wp-json\/wp\/v2\/product_tag?post=805"}],"curies":[{"name":"wp","href":"https:\/\/api.w.org\/{rel}","templated":true}]}}