{"id":812,"date":"2016-07-14T16:50:49","date_gmt":"2016-07-14T14:50:49","guid":{"rendered":"http:\/\/uus.majatohter.ee\/?post_type=product&#038;p=812"},"modified":"2025-07-05T01:52:25","modified_gmt":"2025-07-04T23:52:25","slug":"uula-varvipesuaine","status":"publish","type":"product","link":"https:\/\/majatohter.ee\/en\/tooted\/cleaning-products\/general-cleaning\/uula-varvipesuaine\/","title":{"rendered":"Uula v\u00e4rvipesuaine"},"content":{"rendered":"<p>T\u00f5hus leeliseline pesuaine erinevate pindade puhastuseks.<\/p>\n<p><strong>Kasutuskohad:<\/strong> Seinad, laed, katused, m\u00f6\u00f6bel jne. enne v\u00e4rvimist nii sees kui v\u00e4ljas.<br \/>\nSobib ka m\u00e4\u00e4rdunud\/rasvaste pindade \u00fcldiseks pesuks ( nt. aiam\u00f6\u00f6bel, masinad,<br \/>\nseadmed, autod, paadid jne.)<br \/>\nKontsentraadi pH u. 8.<\/p>\n<p><strong>KASUTUSJUHEND<\/strong><br \/>\nLahjendada veega:<br \/>\n* Eriti m\u00e4\u00e4rdunud pinnad 1 : 10 \u2013 1 : 20<br \/>\n* M\u00e4\u00e4rdunud pinnad 1 : 20 \u2013 1 : 40<br \/>\n* V\u00e4he m\u00e4\u00e4rdunud pinnad 1 : 40 \u2013 1 : 100<\/p>\n<p>V\u00f5ib lahustamata kujul kasutada plekkide eemaldamiseks. V\u00f5ib p\u00f5hjustada l\u00e4ikivate pindade matistumist.<br \/>\nKanna pestavale pinnale harjaga, lapiga, pritsiga jne. Lase m\u00f5juda u. 10 min. (vajaduse korral samal ajal mehaaniliselt\u00a0puhastades) ja loputa seej\u00e4rel hoolikalt sooja veega.<br \/>\n<span style=\"text-decoration: underline;\"><br \/>\nT\u00e4helepanu !<\/span> Lase pestud pindadel enne v\u00e4rvimise alustamist korralikult kuivada!<br \/>\nTootja ja maaletooja ei vastuta toote otstarbevastasel kasutusel tekkinud kahjudest.<br \/>\nKasutamine juhendi vastaselt keelatud.<\/p>\n<p><a href=\"http:\/\/majatohter.ee\/wp-content\/uploads\/2016\/07\/KiirunaVarvipesuaine.pdf\">Tootejuhend<\/a><\/p>\n","protected":false},"excerpt":{"rendered":"<p>T\u00f5hus leeliseline pesuaine erinevate pindade puhastuseks. Kasutuskohad: Seinad, laed, katused, m\u00f6\u00f6bel jne. enne v\u00e4rvimist nii sees kui v\u00e4ljas. Sobib ka m\u00e4\u00e4rdunud\/rasvaste pindade \u00fcldiseks pesuks ( nt. aiam\u00f6\u00f6bel, masinad, seadmed, autod, paadid jne.) Kontsentraadi pH u. 8. KASUTUSJUHEND Lahjendada veega: * Eriti m\u00e4\u00e4rdunud pinnad 1 : 10 \u2013 1 : 20 * M\u00e4\u00e4rdunud pinnad 1 : [&hellip;]<\/p>\n","protected":false},"featured_media":166729,"template":"","meta":{"_et_pb_use_builder":"","_et_pb_old_content":"","_et_gb_content_width":""},"product_brand":[],"product_cat":[138,140],"product_tag":[1523,820,183,1199],"class_list":{"0":"post-812","1":"product","2":"type-product","3":"status-publish","4":"has-post-thumbnail","6":"product_cat-puhastusvahendid","7":"product_cat-varvipesuained","8":"product_tag-kiruna","9":"product_tag-puhastusvahend","10":"product_tag-uula","11":"product_tag-varvipesu","13":"first","14":"instock","15":"taxable","16":"shipping-taxable","17":"purchasable","18":"product-type-variable","19":"has-default-attributes"},"_links":{"self":[{"href":"https:\/\/majatohter.ee\/en\/wp-json\/wp\/v2\/product\/812","targetHints":{"allow":["GET"]}}],"collection":[{"href":"https:\/\/majatohter.ee\/en\/wp-json\/wp\/v2\/product"}],"about":[{"href":"https:\/\/majatohter.ee\/en\/wp-json\/wp\/v2\/types\/product"}],"wp:featuredmedia":[{"embeddable":true,"href":"https:\/\/majatohter.ee\/en\/wp-json\/wp\/v2\/media\/166729"}],"wp:attachment":[{"href":"https:\/\/majatohter.ee\/en\/wp-json\/wp\/v2\/media?parent=812"}],"wp:term":[{"taxonomy":"product_brand","embeddable":true,"href":"https:\/\/majatohter.ee\/en\/wp-json\/wp\/v2\/product_brand?post=812"},{"taxonomy":"product_cat","embeddable":true,"href":"https:\/\/majatohter.ee\/en\/wp-json\/wp\/v2\/product_cat?post=812"},{"taxonomy":"product_tag","embeddable":true,"href":"https:\/\/majatohter.ee\/en\/wp-json\/wp\/v2\/product_tag?post=812"}],"curies":[{"name":"wp","href":"https:\/\/api.w.org\/{rel}","templated":true}]}}