{"id":814,"date":"2016-07-14T16:51:01","date_gmt":"2016-07-14T14:51:01","guid":{"rendered":"http:\/\/uus.majatohter.ee\/tooted\/puhastusvahendid\/kultakiilto\/"},"modified":"2026-04-01T00:43:42","modified_gmt":"2026-03-31T22:43:42","slug":"kultakiilto","status":"publish","type":"product","link":"https:\/\/majatohter.ee\/en\/tooted\/cleaning-products\/metal-wood-cleaning\/kultakiilto\/","title":{"rendered":"Kultakiilto"},"content":{"rendered":"<p>KULTAKIILTO on v\u00e4\u00e4rismetallide puhastusaine.<\/p>\n<p><strong>Kasutuskohad:<\/strong> kuld, h\u00f5be, pronks, vask, messing, kroom jms. pindade puhastamiseks.<\/p>\n<p><strong>Kasutusjuhend:<\/strong> Raputa pakendit korralikult. Kanna Kultakiilto pinnale ja h\u00f5\u00f5ru kuni rooste ja mustus on kadunud. Puhasta pind kuiva lapiga.<\/p>\n<p>TULEOHTLIK. Nahale ja allaneelatuna on tervisele ohtlik. Hoida lastele k\u00e4ttesaamatult. V\u00e4ltida kemikaali sattumist hingamisteedesse, nahale ja silmadesse. Hoida kuivana ja kindlalt suletuna. Kasutada sobivaid kaitsevahendeid.<\/p>\n<p>Tootja: OY Klinex Ab, PL 154, 01721 Vantaa, 09-896 971, www.klinex.fi<\/p>\n<p class=\"western\" align=\"LEFT\"><span style=\"font-family: Arial, sans-serif;\"><span style=\"font-size: xx-small;\">\u00a0<\/span><\/span><\/p>\n","protected":false},"excerpt":{"rendered":"<p>KULTAKIILTO on v\u00e4\u00e4rismetallide puhastusaine. Kasutuskohad: kuld, h\u00f5be, pronks, vask, messing, kroom jms. pindade puhastamiseks. Kasutusjuhend: Raputa pakendit korralikult. Kanna Kultakiilto pinnale ja h\u00f5\u00f5ru kuni rooste ja mustus on kadunud. Puhasta pind kuiva lapiga. TULEOHTLIK. Nahale ja allaneelatuna on tervisele ohtlik. Hoida lastele k\u00e4ttesaamatult. V\u00e4ltida kemikaali sattumist hingamisteedesse, nahale ja silmadesse. Hoida kuivana ja kindlalt suletuna. [&hellip;]<\/p>\n","protected":false},"featured_media":69619,"template":"","meta":{"_et_pb_use_builder":"","_et_pb_old_content":"","_et_gb_content_width":""},"product_brand":[],"product_cat":[141,138],"product_tag":[1052,1053],"class_list":{"0":"post-814","1":"product","2":"type-product","3":"status-publish","4":"has-post-thumbnail","6":"product_cat-puhastus","7":"product_cat-puhastusvahendid","8":"product_tag-kultakiilto","9":"product_tag-metalli-puhastus","11":"first","12":"instock","13":"taxable","14":"shipping-taxable","15":"purchasable","16":"product-type-simple"},"_links":{"self":[{"href":"https:\/\/majatohter.ee\/en\/wp-json\/wp\/v2\/product\/814","targetHints":{"allow":["GET"]}}],"collection":[{"href":"https:\/\/majatohter.ee\/en\/wp-json\/wp\/v2\/product"}],"about":[{"href":"https:\/\/majatohter.ee\/en\/wp-json\/wp\/v2\/types\/product"}],"wp:featuredmedia":[{"embeddable":true,"href":"https:\/\/majatohter.ee\/en\/wp-json\/wp\/v2\/media\/69619"}],"wp:attachment":[{"href":"https:\/\/majatohter.ee\/en\/wp-json\/wp\/v2\/media?parent=814"}],"wp:term":[{"taxonomy":"product_brand","embeddable":true,"href":"https:\/\/majatohter.ee\/en\/wp-json\/wp\/v2\/product_brand?post=814"},{"taxonomy":"product_cat","embeddable":true,"href":"https:\/\/majatohter.ee\/en\/wp-json\/wp\/v2\/product_cat?post=814"},{"taxonomy":"product_tag","embeddable":true,"href":"https:\/\/majatohter.ee\/en\/wp-json\/wp\/v2\/product_tag?post=814"}],"curies":[{"name":"wp","href":"https:\/\/api.w.org\/{rel}","templated":true}]}}