{"id":816,"date":"2016-07-14T16:53:23","date_gmt":"2016-07-14T14:53:23","guid":{"rendered":"http:\/\/uus.majatohter.ee\/tooted\/puhastusvahendid\/sampo-puhastus-ja-poleerimisjahu\/"},"modified":"2026-04-01T00:44:30","modified_gmt":"2026-03-31T22:44:30","slug":"sampo","status":"publish","type":"product","link":"https:\/\/majatohter.ee\/en\/tooted\/cleaning-products\/metal-wood-cleaning\/sampo\/","title":{"rendered":"Sampo metalli puhastus- ja poleerimisjahu"},"content":{"rendered":"<p class=\"western\"><span lang=\"et-EE\">SAMPO\u00ae on Soome populaarseim metallide puhastus- ja l\u00e4igestuspulber, mida kasutatakse laialdaselt nii vasest kohvikannude, pronksist n\u00f5ude, metallist esemete ja muude pindade t\u00f6\u00f6tlemiseks. Eemaldab t\u00f5husalt seebi-, n\u00f5udepesuaine-, katlakivi- ja roosteplekid teraspindadelt ja n\u00e4iteks valamust.<\/span><\/p>\n<p class=\"western\"><span lang=\"et-EE\">SAMPO\u00ae puhastus- ja l\u00e4igestuspulbriga puhastad h\u00f5lpsalt ja kiiresti:<\/span><\/p>\n<ul>\n<li>\n<p class=\"western\"><span lang=\"et-EE\">Vasest, messingist, pronksist ja metallist esemed<\/span><\/p>\n<\/li>\n<li>\n<p class=\"western\"><span lang=\"et-EE\">Portselanist, emailitud ja k\u00f5vast plastist pinnad<\/span><\/p>\n<\/li>\n<li>\n<p class=\"western\"><span lang=\"et-EE\">Kahhelkivid, p\u00f5randaplaadid ja sanitaarruumid<\/span><\/p>\n<\/li>\n<li>\n<p class=\"western\"><span lang=\"et-EE\">Kohvi- ja teetassid, metalln\u00f5ud<\/span><\/p>\n<\/li>\n<li>\n<p class=\"western\"><span lang=\"et-EE\">Vannid, mullivannid ja basseinid<\/span><\/p>\n<\/li>\n<li>\n<p class=\"western\"><span lang=\"et-EE\">Klaaskiust ja plastist paadid<\/span><\/p>\n<\/li>\n<li>\n<p class=\"western\"><span lang=\"et-EE\">Auto alumiiniumveljed (ei sobi v\u00e4rvitud velgedele)<\/span><\/p>\n<\/li>\n<\/ul>\n<p><strong>Kasutusjuhend:<\/strong> Kasta niiske kangas v\u00f5i hari Sampo jahusse ja h\u00f5\u00f5ru korralikult eelnevalt sooja veega niisutatud m\u00e4\u00e4rdunud kohta. Loputa pind sooja veega ja kuivata lapiga.<br \/>\nKoostises on oksaalhape. Nahale ja allaneelatuna on tervisele ohtlik. Hoida lastele k\u00e4ttesaamatult. V\u00e4ltida kemikaali sattumist nahale ja silma.<\/p>\n","protected":false},"excerpt":{"rendered":"<p>SAMPO\u00ae on Soome populaarseim metallide puhastus- ja l\u00e4igestuspulber, mida kasutatakse laialdaselt nii vasest kohvikannude, pronksist n\u00f5ude, metallist esemete ja muude pindade t\u00f6\u00f6tlemiseks. Eemaldab t\u00f5husalt seebi-, n\u00f5udepesuaine-, katlakivi- ja roosteplekid teraspindadelt ja n\u00e4iteks valamust. SAMPO\u00ae puhastus- ja l\u00e4igestuspulbriga puhastad h\u00f5lpsalt ja kiiresti: Vasest, messingist, pronksist ja metallist esemed Portselanist, emailitud ja k\u00f5vast plastist pinnad Kahhelkivid, p\u00f5randaplaadid [&hellip;]<\/p>\n","protected":false},"featured_media":69616,"template":"","meta":{"_et_pb_use_builder":"","_et_pb_old_content":"","_et_gb_content_width":""},"product_brand":[],"product_cat":[141,138],"product_tag":[967,968,2462,966],"class_list":{"0":"post-816","1":"product","2":"type-product","3":"status-publish","4":"has-post-thumbnail","6":"product_cat-puhastus","7":"product_cat-puhastusvahendid","8":"product_tag-metalli-puhastamine","9":"product_tag-poleerimine","10":"product_tag-puhastuspasta","11":"product_tag-sampo","13":"first","14":"instock","15":"taxable","16":"shipping-taxable","17":"purchasable","18":"product-type-simple"},"_links":{"self":[{"href":"https:\/\/majatohter.ee\/en\/wp-json\/wp\/v2\/product\/816","targetHints":{"allow":["GET"]}}],"collection":[{"href":"https:\/\/majatohter.ee\/en\/wp-json\/wp\/v2\/product"}],"about":[{"href":"https:\/\/majatohter.ee\/en\/wp-json\/wp\/v2\/types\/product"}],"wp:featuredmedia":[{"embeddable":true,"href":"https:\/\/majatohter.ee\/en\/wp-json\/wp\/v2\/media\/69616"}],"wp:attachment":[{"href":"https:\/\/majatohter.ee\/en\/wp-json\/wp\/v2\/media?parent=816"}],"wp:term":[{"taxonomy":"product_brand","embeddable":true,"href":"https:\/\/majatohter.ee\/en\/wp-json\/wp\/v2\/product_brand?post=816"},{"taxonomy":"product_cat","embeddable":true,"href":"https:\/\/majatohter.ee\/en\/wp-json\/wp\/v2\/product_cat?post=816"},{"taxonomy":"product_tag","embeddable":true,"href":"https:\/\/majatohter.ee\/en\/wp-json\/wp\/v2\/product_tag?post=816"}],"curies":[{"name":"wp","href":"https:\/\/api.w.org\/{rel}","templated":true}]}}