{"id":822,"date":"2016-07-14T15:04:02","date_gmt":"2016-07-14T15:04:02","guid":{"rendered":"http:\/\/uus.majatohter.ee\/?post_type=product&#038;p=822"},"modified":"2016-12-21T14:49:10","modified_gmt":"2016-12-21T12:49:10","slug":"kimmid-soovitusi-tootmiseks-paigaldamiseks-ja-hoolduseks","status":"publish","type":"product","link":"https:\/\/majatohter.ee\/en\/tooted\/literature\/books\/kimmid-soovitusi-tootmiseks-paigaldamiseks-ja-hoolduseks\/","title":{"rendered":"KIMMID Soovitusi tootmiseks, paigaldamiseks ja hoolduseks"},"content":{"rendered":"<p>Raamatu eesm\u00e4rgiks on anda informatsiooni kimmkatuste parandamise kohta. Peamiselt k\u00e4sitletakse nn. kirikukimmi (kimmit\u00fc\u00fcp, mida vanasti kasutati kirikute ja t\u00e4htsamate ehitiste juures) tegemist ja paigaldamist.<\/p>\n","protected":false},"excerpt":{"rendered":"<p>Raamatu eesm\u00e4rgiks on anda informatsiooni kimmkatuste parandamise kohta. Peamiselt k\u00e4sitletakse nn. kirikukimmi (kimmit\u00fc\u00fcp, mida vanasti kasutati kirikute ja t\u00e4htsamate ehitiste juures) tegemist ja paigaldamist.<\/p>\n","protected":false},"featured_media":823,"template":"","meta":{"_et_pb_use_builder":"","_et_pb_old_content":"","_et_gb_content_width":""},"product_brand":[],"product_cat":[142,143],"product_tag":[],"class_list":{"0":"post-822","1":"product","2":"type-product","3":"status-publish","4":"has-post-thumbnail","6":"product_cat-kirjandus","7":"product_cat-raamatud","9":"first","10":"instock","11":"taxable","12":"shipping-taxable","13":"purchasable","14":"product-type-simple"},"_links":{"self":[{"href":"https:\/\/majatohter.ee\/en\/wp-json\/wp\/v2\/product\/822","targetHints":{"allow":["GET"]}}],"collection":[{"href":"https:\/\/majatohter.ee\/en\/wp-json\/wp\/v2\/product"}],"about":[{"href":"https:\/\/majatohter.ee\/en\/wp-json\/wp\/v2\/types\/product"}],"wp:featuredmedia":[{"embeddable":true,"href":"https:\/\/majatohter.ee\/en\/wp-json\/wp\/v2\/media\/823"}],"wp:attachment":[{"href":"https:\/\/majatohter.ee\/en\/wp-json\/wp\/v2\/media?parent=822"}],"wp:term":[{"taxonomy":"product_brand","embeddable":true,"href":"https:\/\/majatohter.ee\/en\/wp-json\/wp\/v2\/product_brand?post=822"},{"taxonomy":"product_cat","embeddable":true,"href":"https:\/\/majatohter.ee\/en\/wp-json\/wp\/v2\/product_cat?post=822"},{"taxonomy":"product_tag","embeddable":true,"href":"https:\/\/majatohter.ee\/en\/wp-json\/wp\/v2\/product_tag?post=822"}],"curies":[{"name":"wp","href":"https:\/\/api.w.org\/{rel}","templated":true}]}}