{"id":830,"date":"2016-07-14T15:13:21","date_gmt":"2016-07-14T15:13:21","guid":{"rendered":"http:\/\/uus.majatohter.ee\/tooted\/puisteained\/kasselpruun\/"},"modified":"2026-02-23T15:28:56","modified_gmt":"2026-02-23T13:28:56","slug":"kasselpruun","status":"publish","type":"product","link":"https:\/\/majatohter.ee\/en\/tooted\/powders\/pigments\/kasselpruun\/","title":{"rendered":"Kasselpruun (Van Dyck&#8217;i pruun)"},"content":{"rendered":"<p>Kasseli pruun ehk Van Dyck&#8217;i pruun.<br \/>\nLooduslik muldpigment, koosneb peamiselt huumushapetest ja raua oksiidist.<\/p>\n<p>Valguskindlus \u2013 hea<br \/>\nSobivus veebaasil v\u00e4rvidega \u2013 m\u00f5\u00f5dukas<br \/>\nSobivus \u00f5libaasil v\u00e4rvidega \u2013 hea<br \/>\nSobivus lubja ja tsemendiga \u2013\u00a0 m\u00f5\u00f5dukas<\/p>\n<p>Seguneb veega v\u00e4ga halvasti. Aitab kui lisada veidi seepi v\u00f5i n\u00f5udepesuvahendit.<\/p>\n","protected":false},"excerpt":{"rendered":"<p>Kasseli pruun ehk Van Dyck&#8217;i pruun. Looduslik muldpigment, koosneb peamiselt huumushapetest ja raua oksiidist. Valguskindlus \u2013 hea Sobivus veebaasil v\u00e4rvidega \u2013 m\u00f5\u00f5dukas Sobivus \u00f5libaasil v\u00e4rvidega \u2013 hea Sobivus lubja ja tsemendiga \u2013\u00a0 m\u00f5\u00f5dukas Seguneb veega v\u00e4ga halvasti. Aitab kui lisada veidi seepi v\u00f5i n\u00f5udepesuvahendit.<\/p>\n","protected":false},"featured_media":831,"template":"","meta":{"_et_pb_use_builder":"","_et_pb_old_content":"","_et_gb_content_width":""},"product_brand":[],"product_cat":[55,54],"product_tag":[1281],"class_list":{"0":"post-830","1":"product","2":"type-product","3":"status-publish","4":"has-post-thumbnail","6":"product_cat-pigmendid","7":"product_cat-puisteained","8":"product_tag-kasseli-pruun","10":"first","11":"onbackorder","12":"taxable","13":"shipping-taxable","14":"purchasable","15":"product-type-variable"},"_links":{"self":[{"href":"https:\/\/majatohter.ee\/en\/wp-json\/wp\/v2\/product\/830","targetHints":{"allow":["GET"]}}],"collection":[{"href":"https:\/\/majatohter.ee\/en\/wp-json\/wp\/v2\/product"}],"about":[{"href":"https:\/\/majatohter.ee\/en\/wp-json\/wp\/v2\/types\/product"}],"wp:featuredmedia":[{"embeddable":true,"href":"https:\/\/majatohter.ee\/en\/wp-json\/wp\/v2\/media\/831"}],"wp:attachment":[{"href":"https:\/\/majatohter.ee\/en\/wp-json\/wp\/v2\/media?parent=830"}],"wp:term":[{"taxonomy":"product_brand","embeddable":true,"href":"https:\/\/majatohter.ee\/en\/wp-json\/wp\/v2\/product_brand?post=830"},{"taxonomy":"product_cat","embeddable":true,"href":"https:\/\/majatohter.ee\/en\/wp-json\/wp\/v2\/product_cat?post=830"},{"taxonomy":"product_tag","embeddable":true,"href":"https:\/\/majatohter.ee\/en\/wp-json\/wp\/v2\/product_tag?post=830"}],"curies":[{"name":"wp","href":"https:\/\/api.w.org\/{rel}","templated":true}]}}