{"id":832,"date":"2016-07-14T15:14:24","date_gmt":"2016-07-14T15:14:24","guid":{"rendered":"http:\/\/uus.majatohter.ee\/tooted\/puisteained\/kroomoksiid-roheline\/"},"modified":"2026-02-10T14:51:24","modified_gmt":"2026-02-10T12:51:24","slug":"kroomoksiid-roheline","status":"publish","type":"product","link":"https:\/\/majatohter.ee\/en\/tooted\/powders\/pigments\/kroomoksiid-roheline\/","title":{"rendered":"Kroomoksiid roheline"},"content":{"rendered":"<p>Kroom(III)oksiid Cr2O3 Kasutusel\u00a01809. aastast. S\u00fcnteetiline\u00a0anorgaaniline pigment. Saadakse\u00a0Kcr2 -te v\u00e4\u00e4vli ja puus\u00f6ega\u00a0redutseerides. P\u00f5him\u00f5tteliselt saab\u00a0ka CrO(OH)4-jast kuumutamisel ja vee eemaldamisel. valgus-, veehappe-\u00a0ja leelisekindel. Hea kattev\u00f5ime, pole laseeriv, sobib k\u00f5igi\u00a0pigmentidega, k\u00f5igi sideainetega.\u00a0K\u00f5ikides\u00a0sideainetes v\u00e4ga hea toonimisv\u00f5ime.<\/p>\n","protected":false},"excerpt":{"rendered":"<p>Kroom(III)oksiid Cr2O3 Kasutusel\u00a01809. aastast. S\u00fcnteetiline\u00a0anorgaaniline pigment. Saadakse\u00a0Kcr2 -te v\u00e4\u00e4vli ja puus\u00f6ega\u00a0redutseerides. P\u00f5him\u00f5tteliselt saab\u00a0ka CrO(OH)4-jast kuumutamisel ja vee eemaldamisel. valgus-, veehappe-\u00a0ja leelisekindel. Hea kattev\u00f5ime, pole laseeriv, sobib k\u00f5igi\u00a0pigmentidega, k\u00f5igi sideainetega.\u00a0K\u00f5ikides\u00a0sideainetes v\u00e4ga hea toonimisv\u00f5ime.<\/p>\n","protected":false},"featured_media":833,"template":"","meta":{"_et_pb_use_builder":"","_et_pb_old_content":"","_et_gb_content_width":""},"product_brand":[],"product_cat":[55,54],"product_tag":[543,544],"class_list":{"0":"post-832","1":"product","2":"type-product","3":"status-publish","4":"has-post-thumbnail","6":"product_cat-pigmendid","7":"product_cat-puisteained","8":"product_tag-kroomoksiid-roheline","9":"product_tag-roheline-pigment","11":"first","12":"onbackorder","13":"taxable","14":"shipping-taxable","15":"purchasable","16":"product-type-variable"},"_links":{"self":[{"href":"https:\/\/majatohter.ee\/en\/wp-json\/wp\/v2\/product\/832","targetHints":{"allow":["GET"]}}],"collection":[{"href":"https:\/\/majatohter.ee\/en\/wp-json\/wp\/v2\/product"}],"about":[{"href":"https:\/\/majatohter.ee\/en\/wp-json\/wp\/v2\/types\/product"}],"wp:featuredmedia":[{"embeddable":true,"href":"https:\/\/majatohter.ee\/en\/wp-json\/wp\/v2\/media\/833"}],"wp:attachment":[{"href":"https:\/\/majatohter.ee\/en\/wp-json\/wp\/v2\/media?parent=832"}],"wp:term":[{"taxonomy":"product_brand","embeddable":true,"href":"https:\/\/majatohter.ee\/en\/wp-json\/wp\/v2\/product_brand?post=832"},{"taxonomy":"product_cat","embeddable":true,"href":"https:\/\/majatohter.ee\/en\/wp-json\/wp\/v2\/product_cat?post=832"},{"taxonomy":"product_tag","embeddable":true,"href":"https:\/\/majatohter.ee\/en\/wp-json\/wp\/v2\/product_tag?post=832"}],"curies":[{"name":"wp","href":"https:\/\/api.w.org\/{rel}","templated":true}]}}