{"id":896,"date":"2016-07-15T14:12:38","date_gmt":"2016-07-15T12:12:38","guid":{"rendered":"http:\/\/uus.majatohter.ee\/tooted\/pinnaviimistlus\/prantsuse-sellak\/"},"modified":"2026-03-26T01:42:47","modified_gmt":"2026-03-25T23:42:47","slug":"prantsuse-sellak","status":"publish","type":"product","link":"https:\/\/majatohter.ee\/en\/tooted\/surface-treatment\/varnish\/shellac\/prantsuse-sellak\/","title":{"rendered":"Prantsuse \u0161ellak"},"content":{"rendered":"<p>Kasutatakse m\u00f6\u00f6blile v\u00e4\u00e4rtusliku ja antiikse v\u00e4ljan\u00e4gemise andmiseks. Sobib\u00a0antiikesemete restaureerimiseks ning muusikainstrumentide viimistlemiseks.\u00a0\u0160ellak annab pinnale erilise l\u00e4ike.<br \/>\nAnnab puitpinnale juurde s\u00fcgavust. V\u00f5ib kasutada ka isoleeriva kruntlakina (nn<br \/>\noksalakina).<\/p>\n<p><strong>Koostis:<\/strong>\u00a0Looduslikud vaigud ja piiritus.<br \/>\n<strong>Kuivamine:<\/strong>\u00a02 tundi.<\/p>\n<p><strong>KASUTUSJUHEND:<\/strong><br \/>\nPrantsuse shellak kantakse puitpinnale pehme tiheda pintsliga. Lase kuivada umbes 2 tundi ja tee peen lihv<br \/>\n<a href=\"https:\/\/majatohter.ee\/tooted\/tooriistad\/terasvill-100g\/\">Terasvillaga<\/a> no. 0000 ning eemalda lihvtolm. Korda operatsiooni 2-3 korda.<br \/>\nSoovi korral v\u00f5ib hiljem pinda vahatada v\u00f5i lakkida. V\u00e4\u00e4rispuidust pindadele saab t\u00f5eliselt v\u00e4\u00e4rtusliku ilme ainult Prantsuse Shellakiga viimistledes (v\u00e4hemalt kolm kihti).<br \/>\nM\u00e4rkus: Tehes peene lihvi Terasvillaga no. 0000 muutub puitpinna l\u00e4ige natuke matimaks.<\/p>\n<p>&nbsp;<\/p>\n","protected":false},"excerpt":{"rendered":"<p>101004221200<\/p>\n","protected":false},"featured_media":897,"template":"","meta":{"_et_pb_use_builder":"","_et_pb_old_content":"","_et_gb_content_width":""},"product_brand":[],"product_cat":[31,28,292],"product_tag":[168,614,613,1337],"class_list":{"0":"post-896","1":"product","2":"type-product","3":"status-publish","4":"has-post-thumbnail","6":"product_cat-lakid","7":"product_cat-pinnaviimistlus","8":"product_cat-sellak","9":"product_tag-liberon","10":"product_tag-mooblilakk","11":"product_tag-sellak","12":"product_tag-shellak","14":"first","15":"instock","16":"taxable","17":"shipping-taxable","18":"purchasable","19":"product-type-simple"},"_links":{"self":[{"href":"https:\/\/majatohter.ee\/en\/wp-json\/wp\/v2\/product\/896","targetHints":{"allow":["GET"]}}],"collection":[{"href":"https:\/\/majatohter.ee\/en\/wp-json\/wp\/v2\/product"}],"about":[{"href":"https:\/\/majatohter.ee\/en\/wp-json\/wp\/v2\/types\/product"}],"wp:featuredmedia":[{"embeddable":true,"href":"https:\/\/majatohter.ee\/en\/wp-json\/wp\/v2\/media\/897"}],"wp:attachment":[{"href":"https:\/\/majatohter.ee\/en\/wp-json\/wp\/v2\/media?parent=896"}],"wp:term":[{"taxonomy":"product_brand","embeddable":true,"href":"https:\/\/majatohter.ee\/en\/wp-json\/wp\/v2\/product_brand?post=896"},{"taxonomy":"product_cat","embeddable":true,"href":"https:\/\/majatohter.ee\/en\/wp-json\/wp\/v2\/product_cat?post=896"},{"taxonomy":"product_tag","embeddable":true,"href":"https:\/\/majatohter.ee\/en\/wp-json\/wp\/v2\/product_tag?post=896"}],"curies":[{"name":"wp","href":"https:\/\/api.w.org\/{rel}","templated":true}]}}