{"id":902,"date":"2016-07-15T14:19:04","date_gmt":"2016-07-15T14:19:04","guid":{"rendered":"http:\/\/uus.majatohter.ee\/tooted\/pinnaviimistlus\/shellaki-helbed-labipaistev\/"},"modified":"2026-04-13T14:42:16","modified_gmt":"2026-04-13T12:42:16","slug":"shellaki-helbed-varvitu","status":"publish","type":"product","link":"https:\/\/majatohter.ee\/en\/tooted\/surface-treatment\/varnish\/shellac\/shellaki-helbed-varvitu\/","title":{"rendered":"\u0160ellaki helbed, v\u00e4rvitu"},"content":{"rendered":"<p>\u0160ellak ehk \u0161ellakpolituur on looduslikku p\u00e4ritolu kollane kuni pruun vaik.<br \/>\n\u0160ellakit\u00a0kasutatakse peamiselt m\u00f6\u00f6bliesemete viimistlemisel ja ka puidu oksakohtade katmisel enne v\u00e4rvimist. \u0160ellak kaitseb puitu lagundava ultraviolettkiirguse eest.<\/p>\n<div>Pane \u0161ellaki helbed klaaspurki ning vala piiritus nendele peale. Sega. Sulge purk korralikult kaanega. Helbed lahustuvad ca 12 tunniga. Hea oleks aeg ajalt segada\/ loksutada.<\/div>\n<div>S\u00e4ilib kaua, kui purk on \u00f5hutihedalt suletud. Pintslit puhastada piiritusega.<\/div>\n<p><strong>Shellak-polituur:<\/strong><br \/>\n1l piiritust, 100g shellaki helbeid<\/p>\n<div><\/div>\n<div><\/div>\n<div><\/div>\n","protected":false},"excerpt":{"rendered":"<p>\u0160ellak ehk \u0161ellakpolituur on looduslikku p\u00e4ritolu kollane kuni pruun vaik. \u0160ellakit\u00a0kasutatakse peamiselt m\u00f6\u00f6bliesemete viimistlemisel ja ka puidu oksakohtade katmisel enne v\u00e4rvimist. \u0160ellak kaitseb puitu lagundava ultraviolettkiirguse eest. Pane \u0161ellaki helbed klaaspurki ning vala piiritus nendele peale. Sega. Sulge purk korralikult kaanega. Helbed lahustuvad ca 12 tunniga. Hea oleks aeg ajalt segada\/ loksutada. S\u00e4ilib kaua, kui [&hellip;]<\/p>\n","protected":false},"featured_media":903,"template":"","meta":{"_et_pb_use_builder":"","_et_pb_old_content":"","_et_gb_content_width":""},"product_brand":[],"product_cat":[31,28,292],"product_tag":[614,613],"class_list":{"0":"post-902","1":"product","2":"type-product","3":"status-publish","4":"has-post-thumbnail","6":"product_cat-lakid","7":"product_cat-pinnaviimistlus","8":"product_cat-sellak","9":"product_tag-mooblilakk","10":"product_tag-sellak","12":"first","13":"onbackorder","14":"taxable","15":"shipping-taxable","16":"purchasable","17":"product-type-variable"},"_links":{"self":[{"href":"https:\/\/majatohter.ee\/en\/wp-json\/wp\/v2\/product\/902","targetHints":{"allow":["GET"]}}],"collection":[{"href":"https:\/\/majatohter.ee\/en\/wp-json\/wp\/v2\/product"}],"about":[{"href":"https:\/\/majatohter.ee\/en\/wp-json\/wp\/v2\/types\/product"}],"wp:featuredmedia":[{"embeddable":true,"href":"https:\/\/majatohter.ee\/en\/wp-json\/wp\/v2\/media\/903"}],"wp:attachment":[{"href":"https:\/\/majatohter.ee\/en\/wp-json\/wp\/v2\/media?parent=902"}],"wp:term":[{"taxonomy":"product_brand","embeddable":true,"href":"https:\/\/majatohter.ee\/en\/wp-json\/wp\/v2\/product_brand?post=902"},{"taxonomy":"product_cat","embeddable":true,"href":"https:\/\/majatohter.ee\/en\/wp-json\/wp\/v2\/product_cat?post=902"},{"taxonomy":"product_tag","embeddable":true,"href":"https:\/\/majatohter.ee\/en\/wp-json\/wp\/v2\/product_tag?post=902"}],"curies":[{"name":"wp","href":"https:\/\/api.w.org\/{rel}","templated":true}]}}