{"id":910,"date":"2016-07-15T16:33:52","date_gmt":"2016-07-15T14:33:52","guid":{"rendered":"http:\/\/uus.majatohter.ee\/tooted\/pinnaviimistlus\/okomaja-linaolivaha\/"},"modified":"2026-03-24T15:43:19","modified_gmt":"2026-03-24T13:43:19","slug":"okomaja-linaolivaha","status":"publish","type":"product","link":"https:\/\/majatohter.ee\/en\/tooted\/surface-treatment\/wax\/linseed-oil-wax\/okomaja-linaolivaha\/","title":{"rendered":"\u00d6komaja lina\u00f5livaha"},"content":{"rendered":"<p>Naturaalne segu on valmistatud looduslikust mesilasvahast ja k\u00fclmpressitud lina\u00f5list kohalike meistrite poolt k\u00e4sit\u00f6\u00f6na. Sobib h\u00f6\u00f6veldatud, h\u00f6\u00f6veldamata, lihvitud, peitsitud puitpindadele sisetingimustes, eelnevalt \u00f5li v\u00f5i vahaga viimistletud esemete v\u00e4rskendamiseks. Segu muudab pinda tumedamaks, seet\u00f5ttu soovitame teha proov v\u00e4hem\u00e4rgatavas kohas.<\/p>\n<p><strong>Uue puitpinna eelnev t\u00f6\u00f6tlemine.<\/strong><br \/>\nS\u00f5ltuvalt puiduliigist ja viimistluskvaliteedist v\u00f5ib vajalikuks osutuda pinna eelnev niisutamine ja karvase pinna vahelihvimine. Selleks niisuta pind kergelt m\u00e4rjaks. Peale t\u00e4ielikku kuivamist(\u00fcldjuhul j\u00e4rgmisel p\u00e4eval) lihvi \u00fcleskerkinud puidus\u00fc\u00fc nr. 150 &#8211; 180 lihvpaberiga piki puidukiudu siledaks. Seej\u00e4rel eemalda tolm. Selline niisutamisprotsess ei ole kohustuslik ja s\u00f5ltub puidust ja t\u00f6\u00f6tlusastmest. Vahatamiseks peab puitpinna niiskus olema alla 14%, suhteline \u00f5huniiskus alla 80% ja temperatuur v\u00e4hemalt 10\u00b0C.<br \/>\n<strong><br \/>\nVahatamine. Esimene kiht:<\/strong> Kanna segu \u00fchtlase \u00f5hukese kihina pintsli v\u00f5i pehme lapiga pinnale ja lase imenduda. Kiiremini imenduvad pinnad muutuvad matiks ja neid v\u00f5ib jooksvalt \u00fcle katta. 1 kuni 2 tunni p\u00e4rast eemaldame mitteimendunud segu pinnalt lapiga ja poleerime villase riide v\u00f5i poleerkettaga. Vahatatud pind omandab siidja l\u00e4ike.<br \/>\n<strong>Teine kiht:<\/strong> Kui peale esimese kihi kuivamist on tekkinud karedaid kohti, siis teostame vahelihvi ja katame teise kihi analoogselt esimesele.<br \/>\n<strong>Vana pinna v\u00e4rskendamine:<\/strong> Peale puhastusvahendiga puhastamist, kanname segu pinnale analoogselt esimesele kihile.<\/p>\n<p><strong>Koostis:<\/strong> Kuumutatud looduslik mesilasvaha ja k\u00fclmpressitud lina\u00f5li.<br \/>\n<strong>Omadused:<\/strong> Pehme konsistents, difuusne, vetth\u00fclgav, antistaatiline, siidja l\u00e4ikega, hooldatav, lahustivaba.<br \/>\n<strong>Kulu:<\/strong> Ca 0,02- 0,03 L 1 m2 h\u00f6\u00f6veldatud puitpinnale \u00fches kihis.<br \/>\n<strong>Kuivamisaeg:<\/strong> 24 &#8211; 48 h 20\u00b0 C juures.<br \/>\n<strong>S\u00e4ilivus:<\/strong> Avamata \u00f5hutihe pakend s\u00e4ilib v\u00e4hemalt 2 a mittek\u00fclmuvas ja kuivas kohas.<br \/>\n<strong>Hooldus ja t\u00f6\u00f6riistade puhastamine:<\/strong> Sooja vee ja<a href=\"https:\/\/majatohter.ee\/tooted\/puhastusvahendid\/seebid\/linaoliseep\/\"> lina\u00f5liseebi<\/a> lahusega.<br \/>\n<strong>Tootja:<\/strong> \u00d6komaja O\u00dc<\/p>\n<p><strong>Lappide ises\u00fcttimisoht! <\/strong>Ises\u00fcttimisoht on ka \u00f5lisel lihvimistolmul. Hoia t\u00f6\u00f6pauside ajal lapid mittes\u00fcttivas anumas ja t\u00f6\u00f6de l\u00f5petamisel h\u00e4vita ohutult. Hoida laste eest kaitstult. Toode on keskkonnale ohutu ja lahustivaba. J\u00e4lgida allergilisust looduslike komponentide suhtes.<\/p>\n","protected":false},"excerpt":{"rendered":"<p>Naturaalne segu on valmistatud looduslikust mesilasvahast ja k\u00fclmpressitud lina\u00f5list kohalike meistrite poolt k\u00e4sit\u00f6\u00f6na. Sobib h\u00f6\u00f6veldatud, h\u00f6\u00f6veldamata, lihvitud, peitsitud puitpindadele sisetingimustes, eelnevalt \u00f5li v\u00f5i vahaga viimistletud esemete v\u00e4rskendamiseks. Segu muudab pinda tumedamaks, seet\u00f5ttu soovitame teha proov v\u00e4hem\u00e4rgatavas kohas. Uue puitpinna eelnev t\u00f6\u00f6tlemine. S\u00f5ltuvalt puiduliigist ja viimistluskvaliteedist v\u00f5ib vajalikuks osutuda pinna eelnev niisutamine ja karvase pinna vahelihvimine. [&hellip;]<\/p>\n","protected":false},"featured_media":69625,"template":"","meta":{"_et_pb_use_builder":"","_et_pb_old_content":"","_et_gb_content_width":""},"product_brand":[],"product_cat":[315,28,30],"product_tag":[162,1366],"class_list":{"0":"post-910","1":"product","2":"type-product","3":"status-publish","4":"has-post-thumbnail","6":"product_cat-olivaha","7":"product_cat-pinnaviimistlus","8":"product_cat-vahad","9":"product_tag-linaolivaha","10":"product_tag-okomaja","12":"first","13":"instock","14":"taxable","15":"shipping-taxable","16":"purchasable","17":"product-type-variable"},"_links":{"self":[{"href":"https:\/\/majatohter.ee\/en\/wp-json\/wp\/v2\/product\/910","targetHints":{"allow":["GET"]}}],"collection":[{"href":"https:\/\/majatohter.ee\/en\/wp-json\/wp\/v2\/product"}],"about":[{"href":"https:\/\/majatohter.ee\/en\/wp-json\/wp\/v2\/types\/product"}],"wp:featuredmedia":[{"embeddable":true,"href":"https:\/\/majatohter.ee\/en\/wp-json\/wp\/v2\/media\/69625"}],"wp:attachment":[{"href":"https:\/\/majatohter.ee\/en\/wp-json\/wp\/v2\/media?parent=910"}],"wp:term":[{"taxonomy":"product_brand","embeddable":true,"href":"https:\/\/majatohter.ee\/en\/wp-json\/wp\/v2\/product_brand?post=910"},{"taxonomy":"product_cat","embeddable":true,"href":"https:\/\/majatohter.ee\/en\/wp-json\/wp\/v2\/product_cat?post=910"},{"taxonomy":"product_tag","embeddable":true,"href":"https:\/\/majatohter.ee\/en\/wp-json\/wp\/v2\/product_tag?post=910"}],"curies":[{"name":"wp","href":"https:\/\/api.w.org\/{rel}","templated":true}]}}