{"id":913,"date":"2016-07-15T14:36:39","date_gmt":"2016-07-15T14:36:39","guid":{"rendered":"http:\/\/uus.majatohter.ee\/tooted\/pinnaviimistlus\/karnauba-vesivaha-amello\/"},"modified":"2026-03-26T17:30:07","modified_gmt":"2026-03-26T15:30:07","slug":"karnauba-vesivaha-amello","status":"publish","type":"product","link":"https:\/\/majatohter.ee\/en\/tooted\/surface-treatment\/wax\/carnauba-wax\/karnauba-vesivaha-amello\/","title":{"rendered":"Karnauba vesivaha"},"content":{"rendered":"<p>Karnauba vesivaha on looduslikul palmivahal baseeruv vesialusel toode, mis on v\u00e4lja t\u00f6\u00f6tatud eelnevalt viimistletud sisep\u00f5randate hooldamiseks ning vastupidavuse suurendamiseks. Ta suurendab pinna kulumiskindlust, muudab pinna vetth\u00fclgavaks ning annab sellele \u00fchtlasi siidise l\u00e4ike.<br \/>\nKoostis: vesi, karnauba vaha.<\/p>\n<p><strong>Kasutuskohad:<\/strong><br \/>\nEelnevalt \u00f5litatud v\u00f5i vahatatud puit- ja korkp\u00f5randad, m\u00f6\u00f6blipinnad, lakitud pinnad ja kiviplaatide l\u00f5ppviimistus. Eelnevalt \u00f5litatud v\u00f5i vahatatud pindade hooldamisel pesuvee lisand.<\/p>\n<p><strong>Kasutamisjuhend:<\/strong><br \/>\nEnne kasutamist korralikult segada.<\/p>\n<p><span style=\"text-decoration: underline;\">Pindade viimistlus:<\/span> Veendu, et aluspind on piisavalt kuivanud. Kanna \u00f5huke kiht Karnauba vesivaha pinnale pintsli v\u00f5i lapi abil. Lase pinnal kuivada v\u00e4hemalt 2 tundi ning poleeri pinda kuiva puuvillase lapiga. Nii saame pinnale siidise l\u00e4ike. Kasuta antud viimistlust siis, kui \u00f5litatud v\u00f5i \u00f5livahatatud puitp\u00f5rand, puitm\u00f6\u00f6bel, kivipind v\u00f5i lakitud pind tundub tuhmunud ja kuiv. Niimoodi tugevdame eelnevalt viimistletud pindasid. Kui puitp\u00f5rand n\u00f5uab p\u00f5hjalikumat t\u00f6\u00f6tlust, siis viimistle pind p\u00f5randa\u00f5liga v\u00f5i \u00f5livahaga.<\/p>\n<p>R<span style=\"text-decoration: underline;\">egulaarne pesuhooldus:<\/span> Lisa Karnauba vesivaha \u00f5litatud p\u00f5randa puhastamisel kasutatavale pesuveele ca 5 %. Niimoodi saame puhastada p\u00f5randat tavap\u00e4rasel viisil. Vaha lisand annab p\u00f5randale peale puhastamist talle iseloomuliku l\u00e4ike tagasi. \u00c4ra kasuta liigselt kuuma vett, sest see v\u00f5ib hakata lahustama alumist \u00f5li- v\u00f5i vahakihti. \u00c4ra kasuta rohkelt vett, vaid hoolda p\u00f5randat niiske lapiga.<\/p>\n","protected":false},"excerpt":{"rendered":"<p>Karnauba vesivaha on looduslikul palmivahal baseeruv vesialusel toode, mis on v\u00e4lja t\u00f6\u00f6tatud eelnevalt viimistletud sisep\u00f5randate hooldamiseks ning vastupidavuse suurendamiseks. Ta suurendab pinna kulumiskindlust, muudab pinna vetth\u00fclgavaks ning annab sellele \u00fchtlasi siidise l\u00e4ike. Koostis: vesi, karnauba vaha. Kasutuskohad: Eelnevalt \u00f5litatud v\u00f5i vahatatud puit- ja korkp\u00f5randad, m\u00f6\u00f6blipinnad, lakitud pinnad ja kiviplaatide l\u00f5ppviimistus. Eelnevalt \u00f5litatud v\u00f5i vahatatud pindade [&hellip;]<\/p>\n","protected":false},"featured_media":69573,"template":"","meta":{"_et_pb_use_builder":"","_et_pb_old_content":"","_et_gb_content_width":""},"product_brand":[],"product_cat":[293,28,30],"product_tag":[177,615,617],"class_list":{"0":"post-913","1":"product","2":"type-product","3":"status-publish","4":"has-post-thumbnail","6":"product_cat-karnauba-vaha","7":"product_cat-pinnaviimistlus","8":"product_cat-vahad","9":"product_tag-amello","10":"product_tag-karnauba","11":"product_tag-vesivaha","13":"first","14":"instock","15":"taxable","16":"shipping-taxable","17":"purchasable","18":"product-type-variable"},"_links":{"self":[{"href":"https:\/\/majatohter.ee\/en\/wp-json\/wp\/v2\/product\/913","targetHints":{"allow":["GET"]}}],"collection":[{"href":"https:\/\/majatohter.ee\/en\/wp-json\/wp\/v2\/product"}],"about":[{"href":"https:\/\/majatohter.ee\/en\/wp-json\/wp\/v2\/types\/product"}],"wp:featuredmedia":[{"embeddable":true,"href":"https:\/\/majatohter.ee\/en\/wp-json\/wp\/v2\/media\/69573"}],"wp:attachment":[{"href":"https:\/\/majatohter.ee\/en\/wp-json\/wp\/v2\/media?parent=913"}],"wp:term":[{"taxonomy":"product_brand","embeddable":true,"href":"https:\/\/majatohter.ee\/en\/wp-json\/wp\/v2\/product_brand?post=913"},{"taxonomy":"product_cat","embeddable":true,"href":"https:\/\/majatohter.ee\/en\/wp-json\/wp\/v2\/product_cat?post=913"},{"taxonomy":"product_tag","embeddable":true,"href":"https:\/\/majatohter.ee\/en\/wp-json\/wp\/v2\/product_tag?post=913"}],"curies":[{"name":"wp","href":"https:\/\/api.w.org\/{rel}","templated":true}]}}