{"id":915,"date":"2016-07-15T16:38:47","date_gmt":"2016-07-15T14:38:47","guid":{"rendered":"http:\/\/uus.majatohter.ee\/tooted\/pinnaviimistlus\/karnauba-helbed-pleegitatud\/"},"modified":"2026-01-12T20:42:26","modified_gmt":"2026-01-12T18:42:26","slug":"karnauba-helbed-pleegitatud","status":"publish","type":"product","link":"https:\/\/majatohter.ee\/en\/tooted\/surface-treatment\/wax\/carnauba-wax\/karnauba-helbed-pleegitatud\/","title":{"rendered":"Karnauba helbed, pleegitatud"},"content":{"rendered":"<p>Koostis: 100% karnaubavaha.<br \/>\nSulab\u00a083 &#8211; 86\u00b0 C juures.<br \/>\nKarnaubavaha v\u00f5ib lisada kuni 50% mesilasvaha hulka.<br \/>\nSegu tekitab viimistletavale pinnale tugevama kaitsekihi ning poleerimise j\u00e4rel l\u00e4igib rohkem.<\/p>\n","protected":false},"excerpt":{"rendered":"<p>Koostis: 100% karnaubavaha. Sulab\u00a083 &#8211; 86\u00b0 C juures. Karnaubavaha v\u00f5ib lisada kuni 50% mesilasvaha hulka. Segu tekitab viimistletavale pinnale tugevama kaitsekihi ning poleerimise j\u00e4rel l\u00e4igib rohkem.<\/p>\n","protected":false},"featured_media":916,"template":"","meta":{"_et_pb_use_builder":"","_et_pb_old_content":"","_et_gb_content_width":""},"product_brand":[],"product_cat":[293,28,30],"product_tag":[615,616],"class_list":{"0":"post-915","1":"product","2":"type-product","3":"status-publish","4":"has-post-thumbnail","6":"product_cat-karnauba-vaha","7":"product_cat-pinnaviimistlus","8":"product_cat-vahad","9":"product_tag-karnauba","10":"product_tag-vaha","12":"first","13":"instock","14":"taxable","15":"shipping-taxable","16":"purchasable","17":"product-type-variable"},"_links":{"self":[{"href":"https:\/\/majatohter.ee\/en\/wp-json\/wp\/v2\/product\/915","targetHints":{"allow":["GET"]}}],"collection":[{"href":"https:\/\/majatohter.ee\/en\/wp-json\/wp\/v2\/product"}],"about":[{"href":"https:\/\/majatohter.ee\/en\/wp-json\/wp\/v2\/types\/product"}],"wp:featuredmedia":[{"embeddable":true,"href":"https:\/\/majatohter.ee\/en\/wp-json\/wp\/v2\/media\/916"}],"wp:attachment":[{"href":"https:\/\/majatohter.ee\/en\/wp-json\/wp\/v2\/media?parent=915"}],"wp:term":[{"taxonomy":"product_brand","embeddable":true,"href":"https:\/\/majatohter.ee\/en\/wp-json\/wp\/v2\/product_brand?post=915"},{"taxonomy":"product_cat","embeddable":true,"href":"https:\/\/majatohter.ee\/en\/wp-json\/wp\/v2\/product_cat?post=915"},{"taxonomy":"product_tag","embeddable":true,"href":"https:\/\/majatohter.ee\/en\/wp-json\/wp\/v2\/product_tag?post=915"}],"curies":[{"name":"wp","href":"https:\/\/api.w.org\/{rel}","templated":true}]}}