{"id":917,"date":"2016-07-15T16:39:47","date_gmt":"2016-07-15T14:39:47","guid":{"rendered":"http:\/\/uus.majatohter.ee\/tooted\/pinnaviimistlus\/mesilasvaha\/"},"modified":"2026-03-20T22:42:28","modified_gmt":"2026-03-20T20:42:28","slug":"mesilasvaha","status":"publish","type":"product","link":"https:\/\/majatohter.ee\/en\/tooted\/surface-treatment\/wax\/beeswax\/mesilasvaha\/","title":{"rendered":"Mesilasvaha 150ml"},"content":{"rendered":"<p>Lihtsalt kasutatav ja tervisele ohutu vaha annab puitpinnale tugevuse ja\u00a0vastupidavuse. Annab puitpinnale vanamoelise ilme ning toob esile puidu\u00a0tekstuuri.<\/p>\n<p><strong>Kasutuskohad:<\/strong>\u00a0Varem viimistlemata v\u00f5i \u00f5litatud m\u00f6\u00f6bli pinnas sisetingimustes (kapid, toolid,\u00a0l\u00f5ikelauad jm). Sobib eelk\u00f5ige pehmetele puiduliikidele nagu m\u00e4nd ja kuusk.<br \/>\n<strong>Koostis:<\/strong> mesilasvaja ja t\u00e4rpentin<br \/>\n<strong>Toon:<\/strong> v\u00e4rvitu<br \/>\n<strong>Katvus:<\/strong> 12 m\u00b2\/L<br \/>\n<strong>Kuivamisaeg:<\/strong> 2-4h<br \/>\n<strong>T\u00f6\u00f6vahendid:<\/strong> terasvill Nr 0000<\/p>\n<p><strong>KASUTUSJUHEND:<\/strong><br \/>\nKanna \u00f5huke kiht Mesilasvaha Liberon Terasvillaga no. 0000 puitpinnale puus\u00fc\u00fc suunas. Lase<br \/>\npinnal kuivada 2-4 tundi ja l\u00f6\u00f6 pind l\u00e4ikima puhta pehme riidega v\u00f5i harjaga. V\u00f5imalik on peale<br \/>\nkanda mitmeid kihte. Mesilasvaha ei sobi v\u00e4listingimustes olevate puitpindade ning lakitud pindade<br \/>\nviimistlemiseks.<\/p>\n<p><strong>Ohutus:\u00a0<\/strong>Tuleohtlik! Nahale sattudes v\u00f5ib p\u00f5hjustada \u00fclitundlikkust. Kahjulik\u00a0veeorganismidele, v\u00f5ib p\u00f5hjustada pikaajalist veekeskkonda kahjustavat toimet.\u00a0Hoolitseda hea ventilatsiooni eest.<\/p>\n<p><a href=\"http:\/\/majatohter.ee\/wp-content\/uploads\/2016\/07\/mesilasvaha-Liberon.pdf\">Infoleht<\/a><\/p>\n","protected":false},"excerpt":{"rendered":"<p>Lihtsalt kasutatav ja tervisele ohutu vaha annab puitpinnale tugevuse ja\u00a0vastupidavuse. Annab puitpinnale vanamoelise ilme ning toob esile puidu\u00a0tekstuuri. Kasutuskohad:\u00a0Varem viimistlemata v\u00f5i \u00f5litatud m\u00f6\u00f6bli pinnas sisetingimustes (kapid, toolid,\u00a0l\u00f5ikelauad jm). Sobib eelk\u00f5ige pehmetele puiduliikidele nagu m\u00e4nd ja kuusk. Koostis: mesilasvaja ja t\u00e4rpentin Toon: v\u00e4rvitu Katvus: 12 m\u00b2\/L Kuivamisaeg: 2-4h T\u00f6\u00f6vahendid: terasvill Nr 0000 KASUTUSJUHEND: Kanna \u00f5huke kiht [&hellip;]<\/p>\n","protected":false},"featured_media":918,"template":"","meta":{"_et_pb_use_builder":"","_et_pb_old_content":"","_et_gb_content_width":""},"product_brand":[],"product_cat":[319,28,30],"product_tag":[168,320],"class_list":{"0":"post-917","1":"product","2":"type-product","3":"status-publish","4":"has-post-thumbnail","6":"product_cat-mesilasvaha","7":"product_cat-pinnaviimistlus","8":"product_cat-vahad","9":"product_tag-liberon","10":"product_tag-mesilasvaha","12":"first","13":"instock","14":"taxable","15":"shipping-taxable","16":"purchasable","17":"product-type-simple"},"_links":{"self":[{"href":"https:\/\/majatohter.ee\/en\/wp-json\/wp\/v2\/product\/917","targetHints":{"allow":["GET"]}}],"collection":[{"href":"https:\/\/majatohter.ee\/en\/wp-json\/wp\/v2\/product"}],"about":[{"href":"https:\/\/majatohter.ee\/en\/wp-json\/wp\/v2\/types\/product"}],"wp:featuredmedia":[{"embeddable":true,"href":"https:\/\/majatohter.ee\/en\/wp-json\/wp\/v2\/media\/918"}],"wp:attachment":[{"href":"https:\/\/majatohter.ee\/en\/wp-json\/wp\/v2\/media?parent=917"}],"wp:term":[{"taxonomy":"product_brand","embeddable":true,"href":"https:\/\/majatohter.ee\/en\/wp-json\/wp\/v2\/product_brand?post=917"},{"taxonomy":"product_cat","embeddable":true,"href":"https:\/\/majatohter.ee\/en\/wp-json\/wp\/v2\/product_cat?post=917"},{"taxonomy":"product_tag","embeddable":true,"href":"https:\/\/majatohter.ee\/en\/wp-json\/wp\/v2\/product_tag?post=917"}],"curies":[{"name":"wp","href":"https:\/\/api.w.org\/{rel}","templated":true}]}}