{"id":96498,"date":"2021-04-21T08:35:32","date_gmt":"2021-04-21T06:35:32","guid":{"rendered":"https:\/\/majatohter.ee\/?post_type=product&#038;p=96498"},"modified":"2025-12-15T16:42:17","modified_gmt":"2025-12-15T14:42:17","slug":"framuugi-kandur-raami-kuljele-parem","status":"publish","type":"product","link":"https:\/\/majatohter.ee\/en\/tooted\/furniture\/sulgurid-en\/framuugi-kandur-raami-kuljele-parem\/","title":{"rendered":"Framuugi kandur, raami k\u00fcljele, parem"},"content":{"rendered":"<p>Framuugiakna kandur.<\/p>\n<p>Valmistatud Tallinnas.<\/p>\n<p><em><b>Framuug<\/b> ehk <b>valgmik<\/b> on ukse v\u00f5i akna kohal asuv eraldi raamistusega aken. Framuug v\u00f5ib olla hingedel (avatav) v\u00f5i fikseeritud lengi sisse p\u00f6\u00f6rade, haakide v\u00f5i m\u00f5ne muu kinnitusmeetodi abil. Kuju poolest on levinumad poolkaare- ning ristk\u00fclikukujulised valgmikud.<\/em><\/p>\n<p><em>Framuug annab ruumile juurde lisavalgust, samas on see ka hoonet ja ruumi ehtivaks arhitektuuriliseks elemendiks. Framuugakna kujundused varieeruvad hoonetel s\u00f5ltuvalt arhitektuuristiilist.<br \/>\nWikipedia<\/em><\/p>\n","protected":false},"excerpt":{"rendered":"<p>Framuugiakna kandur. Valmistatud Tallinnas. Framuug ehk valgmik on ukse v\u00f5i akna kohal asuv eraldi raamistusega aken. Framuug v\u00f5ib olla hingedel (avatav) v\u00f5i fikseeritud lengi sisse p\u00f6\u00f6rade, haakide v\u00f5i m\u00f5ne muu kinnitusmeetodi abil. Kuju poolest on levinumad poolkaare- ning ristk\u00fclikukujulised valgmikud. Framuug annab ruumile juurde lisavalgust, samas on see ka hoonet ja ruumi ehtivaks arhitektuuriliseks elemendiks. [&hellip;]<\/p>\n","protected":false},"featured_media":67761,"template":"","meta":{"_et_pb_use_builder":"","_et_pb_old_content":"","_et_gb_content_width":""},"product_brand":[],"product_cat":[132,136],"product_tag":[1101,1102],"class_list":{"0":"post-96498","1":"product","2":"type-product","3":"status-publish","4":"has-post-thumbnail","6":"product_cat-furnituur","7":"product_cat-sulgurid","8":"product_tag-framuug","9":"product_tag-kandur","11":"first","12":"instock","13":"taxable","14":"shipping-taxable","15":"purchasable","16":"product-type-simple"},"_links":{"self":[{"href":"https:\/\/majatohter.ee\/en\/wp-json\/wp\/v2\/product\/96498","targetHints":{"allow":["GET"]}}],"collection":[{"href":"https:\/\/majatohter.ee\/en\/wp-json\/wp\/v2\/product"}],"about":[{"href":"https:\/\/majatohter.ee\/en\/wp-json\/wp\/v2\/types\/product"}],"wp:featuredmedia":[{"embeddable":true,"href":"https:\/\/majatohter.ee\/en\/wp-json\/wp\/v2\/media\/67761"}],"wp:attachment":[{"href":"https:\/\/majatohter.ee\/en\/wp-json\/wp\/v2\/media?parent=96498"}],"wp:term":[{"taxonomy":"product_brand","embeddable":true,"href":"https:\/\/majatohter.ee\/en\/wp-json\/wp\/v2\/product_brand?post=96498"},{"taxonomy":"product_cat","embeddable":true,"href":"https:\/\/majatohter.ee\/en\/wp-json\/wp\/v2\/product_cat?post=96498"},{"taxonomy":"product_tag","embeddable":true,"href":"https:\/\/majatohter.ee\/en\/wp-json\/wp\/v2\/product_tag?post=96498"}],"curies":[{"name":"wp","href":"https:\/\/api.w.org\/{rel}","templated":true}]}}